{"id":7961,"date":"2025-05-26T15:05:48","date_gmt":"2025-05-26T15:05:48","guid":{"rendered":"https:\/\/www.stratumdesign.ch\/?post_type=product&#038;p=7961"},"modified":"2026-02-19T13:31:04","modified_gmt":"2026-02-19T13:31:04","slug":"petite-etagere-flottante","status":"publish","type":"product","link":"https:\/\/www.stratumdesign.ch\/fr\/shop\/stream\/floating-shelf-small\/","title":{"rendered":"\u00c9tag\u00e8re (120 cm)"},"content":{"rendered":"<p>STREAM est une \u00e9tag\u00e8re sculpturale qui s&#039;\u00e9tend harmonieusement sur le mur, inspir\u00e9e par le mouvement naturel de l&#039;eau. Sa forme organique cr\u00e9e une impression de mouvement et de fluidit\u00e9, transformant le rangement en une \u0153uvre d&#039;art. Con\u00e7ue pour \u00eatre \u00e0 la fois fonctionnelle et visuellement saisissante, STREAM apporte profondeur et \u00e9l\u00e9gance \u00e0 tout espace.<\/p>\n<p>Fabriqu\u00e9 en bouleau baltique de premi\u00e8re qualit\u00e9, sa structure stratifi\u00e9e cr\u00e9e un jeu dynamique d&#039;ombres, de lumi\u00e8res et de contrastes, accentuant la profondeur et le mouvement du design. Des finitions de placage optionnelles, comme le noyer, apportent chaleur et richesse. Comme toutes nos pi\u00e8ces, STREAM est personnalisable en taille et en forme, garantissant une int\u00e9gration parfaite \u00e0 votre espace et \u00e0 votre vision.<\/p>","protected":false},"excerpt":{"rendered":"<p>Une \u00e9tag\u00e8re fluide et sculpturale qui se d\u00e9place sans effort sur le mur.<\/p>","protected":false},"featured_media":6197,"comment_status":"open","ping_status":"closed","template":"","meta":{"rs_blank_template":"","rs_page_bg_color":"","slide_template_v7":"","wds_primary_product_brand":0,"wds_primary_product_cat":0},"product_brand":[],"product_cat":[28,79],"product_tag":[26],"class_list":{"0":"post-7961","1":"product","2":"type-product","3":"status-publish","4":"has-post-thumbnail","6":"product_cat-stream","7":"product_cat-shelves","8":"product_tag-contemporary","10":"first","11":"instock","12":"taxable","13":"shipping-taxable","14":"purchasable","15":"product-type-simple"},"_links":{"self":[{"href":"https:\/\/www.stratumdesign.ch\/fr\/wp-json\/wp\/v2\/product\/7961","targetHints":{"allow":["GET"]}}],"collection":[{"href":"https:\/\/www.stratumdesign.ch\/fr\/wp-json\/wp\/v2\/product"}],"about":[{"href":"https:\/\/www.stratumdesign.ch\/fr\/wp-json\/wp\/v2\/types\/product"}],"replies":[{"embeddable":true,"href":"https:\/\/www.stratumdesign.ch\/fr\/wp-json\/wp\/v2\/comments?post=7961"}],"version-history":[{"count":4,"href":"https:\/\/www.stratumdesign.ch\/fr\/wp-json\/wp\/v2\/product\/7961\/revisions"}],"predecessor-version":[{"id":7972,"href":"https:\/\/www.stratumdesign.ch\/fr\/wp-json\/wp\/v2\/product\/7961\/revisions\/7972"}],"wp:featuredmedia":[{"embeddable":true,"href":"https:\/\/www.stratumdesign.ch\/fr\/wp-json\/wp\/v2\/media\/6197"}],"wp:attachment":[{"href":"https:\/\/www.stratumdesign.ch\/fr\/wp-json\/wp\/v2\/media?parent=7961"}],"wp:term":[{"taxonomy":"product_brand","embeddable":true,"href":"https:\/\/www.stratumdesign.ch\/fr\/wp-json\/wp\/v2\/product_brand?post=7961"},{"taxonomy":"product_cat","embeddable":true,"href":"https:\/\/www.stratumdesign.ch\/fr\/wp-json\/wp\/v2\/product_cat?post=7961"},{"taxonomy":"product_tag","embeddable":true,"href":"https:\/\/www.stratumdesign.ch\/fr\/wp-json\/wp\/v2\/product_tag?post=7961"}],"curies":[{"name":"wp","href":"https:\/\/api.w.org\/{rel}","templated":true}]}}