{"id":7725,"date":"2025-03-25T12:01:47","date_gmt":"2025-03-25T12:01:47","guid":{"rendered":"https:\/\/www.stratumdesign.ch\/?post_type=product&#038;p=7725"},"modified":"2026-02-19T13:32:09","modified_gmt":"2026-02-19T13:32:09","slug":"paire-detageres-flottantes","status":"publish","type":"product","link":"https:\/\/www.stratumdesign.ch\/fr\/shop\/stream\/floating-shelf-pair\/","title":{"rendered":"Paire d&#039;\u00e9tag\u00e8res"},"content":{"rendered":"<p>Une expression sereine de mouvement et d&#039;\u00e9quilibre. Ces \u00e9tag\u00e8res murales sculpturales s&#039;enroulent harmonieusement sur le mur, transformant le rangement quotidien en un rythme visuel. Asym\u00e9triques, elles invitent le regard \u00e0 fl\u00e2ner, tel un ruisseau qui trouve son propre chemin.<\/p>","protected":false},"excerpt":{"rendered":"<p>Des \u00e9tag\u00e8res sculpturales qui coulent sur votre mur comme un doux courant.<\/p>","protected":false},"featured_media":7729,"comment_status":"open","ping_status":"closed","template":"","meta":{"rs_blank_template":"","rs_page_bg_color":"","slide_template_v7":"","wds_primary_product_brand":0,"wds_primary_product_cat":0},"product_brand":[],"product_cat":[28,79],"product_tag":[],"class_list":{"0":"post-7725","1":"product","2":"type-product","3":"status-publish","4":"has-post-thumbnail","6":"product_cat-stream","7":"product_cat-shelves","9":"first","10":"instock","11":"taxable","12":"shipping-taxable","13":"purchasable","14":"product-type-simple"},"_links":{"self":[{"href":"https:\/\/www.stratumdesign.ch\/fr\/wp-json\/wp\/v2\/product\/7725","targetHints":{"allow":["GET"]}}],"collection":[{"href":"https:\/\/www.stratumdesign.ch\/fr\/wp-json\/wp\/v2\/product"}],"about":[{"href":"https:\/\/www.stratumdesign.ch\/fr\/wp-json\/wp\/v2\/types\/product"}],"replies":[{"embeddable":true,"href":"https:\/\/www.stratumdesign.ch\/fr\/wp-json\/wp\/v2\/comments?post=7725"}],"version-history":[{"count":3,"href":"https:\/\/www.stratumdesign.ch\/fr\/wp-json\/wp\/v2\/product\/7725\/revisions"}],"predecessor-version":[{"id":7984,"href":"https:\/\/www.stratumdesign.ch\/fr\/wp-json\/wp\/v2\/product\/7725\/revisions\/7984"}],"wp:featuredmedia":[{"embeddable":true,"href":"https:\/\/www.stratumdesign.ch\/fr\/wp-json\/wp\/v2\/media\/7729"}],"wp:attachment":[{"href":"https:\/\/www.stratumdesign.ch\/fr\/wp-json\/wp\/v2\/media?parent=7725"}],"wp:term":[{"taxonomy":"product_brand","embeddable":true,"href":"https:\/\/www.stratumdesign.ch\/fr\/wp-json\/wp\/v2\/product_brand?post=7725"},{"taxonomy":"product_cat","embeddable":true,"href":"https:\/\/www.stratumdesign.ch\/fr\/wp-json\/wp\/v2\/product_cat?post=7725"},{"taxonomy":"product_tag","embeddable":true,"href":"https:\/\/www.stratumdesign.ch\/fr\/wp-json\/wp\/v2\/product_tag?post=7725"}],"curies":[{"name":"wp","href":"https:\/\/api.w.org\/{rel}","templated":true}]}}