{"id":6969,"date":"2025-02-06T11:24:24","date_gmt":"2025-02-06T11:24:24","guid":{"rendered":"https:\/\/www.stratumdesign.ch\/?post_type=product&#038;p=6969"},"modified":"2026-02-19T13:32:49","modified_gmt":"2026-02-19T13:32:49","slug":"etagere-a-flux","status":"publish","type":"product","link":"https:\/\/www.stratumdesign.ch\/fr\/shop\/contour\/flow-shelf\/","title":{"rendered":"\u00c9tag\u00e8re"},"content":{"rendered":"<p><strong>L&#039;\u00e9tag\u00e8re Flow<\/strong> Plus qu&#039;un simple rangement, c&#039;est un \u00e9l\u00e9ment sculptural qui transforme votre espace avec une \u00e9l\u00e9gance fluide et moderne. Con\u00e7ue pour \u00eatre \u00e0 la fois fonctionnelle et artistique, sa forme organique vous invite \u00e0 cr\u00e9er une composition parfaitement adapt\u00e9e \u00e0 votre int\u00e9rieur. Qu&#039;elles soient dispos\u00e9es sym\u00e9triquement ou en groupe dynamique, ces \u00e9tag\u00e8res apportent profondeur et mouvement \u00e0 n&#039;importe quel mur, transformant le rangement quotidien en une pi\u00e8ce ma\u00eetresse. Laissez votre espace guider votre agencement et cr\u00e9ez-le de fa\u00e7on unique.<\/p>\n<p>Ce nouveau design exclusif attend son premier foyer. Personnalisez-le pour b\u00e9n\u00e9ficier de toute notre attention et vous assurer que personne d&#039;autre n&#039;en aura un pareil. Nous sommes particuli\u00e8rement impatients de voir ce design prendre vie et nous avons besoin de vous pour le concr\u00e9tiser.<\/p>\n<p><strong>Vous souhaitez \u00eatre le premier \u00e0 poss\u00e9der notre nouveau design ? Envoyez-nous un message ci-dessous !<\/strong><\/p>","protected":false},"excerpt":{"rendered":"<p>Une d\u00e9claration sculpturale, alliant \u00e9l\u00e9gance minimale et fluidit\u00e9 pour un affichage saisissant et fonctionnel.<\/p>","protected":false},"featured_media":6677,"comment_status":"open","ping_status":"closed","template":"","meta":{"rs_blank_template":"","rs_page_bg_color":"","slide_template_v7":"","wds_primary_product_brand":0,"wds_primary_product_cat":85},"product_brand":[],"product_cat":[85,79],"product_tag":[],"class_list":{"0":"post-6969","1":"product","2":"type-product","3":"status-publish","4":"has-post-thumbnail","6":"product_cat-contour","7":"product_cat-shelves","9":"first","10":"instock","11":"taxable","12":"shipping-taxable","13":"purchasable","14":"product-type-simple"},"_links":{"self":[{"href":"https:\/\/www.stratumdesign.ch\/fr\/wp-json\/wp\/v2\/product\/6969","targetHints":{"allow":["GET"]}}],"collection":[{"href":"https:\/\/www.stratumdesign.ch\/fr\/wp-json\/wp\/v2\/product"}],"about":[{"href":"https:\/\/www.stratumdesign.ch\/fr\/wp-json\/wp\/v2\/types\/product"}],"replies":[{"embeddable":true,"href":"https:\/\/www.stratumdesign.ch\/fr\/wp-json\/wp\/v2\/comments?post=6969"}],"version-history":[{"count":5,"href":"https:\/\/www.stratumdesign.ch\/fr\/wp-json\/wp\/v2\/product\/6969\/revisions"}],"predecessor-version":[{"id":7763,"href":"https:\/\/www.stratumdesign.ch\/fr\/wp-json\/wp\/v2\/product\/6969\/revisions\/7763"}],"wp:featuredmedia":[{"embeddable":true,"href":"https:\/\/www.stratumdesign.ch\/fr\/wp-json\/wp\/v2\/media\/6677"}],"wp:attachment":[{"href":"https:\/\/www.stratumdesign.ch\/fr\/wp-json\/wp\/v2\/media?parent=6969"}],"wp:term":[{"taxonomy":"product_brand","embeddable":true,"href":"https:\/\/www.stratumdesign.ch\/fr\/wp-json\/wp\/v2\/product_brand?post=6969"},{"taxonomy":"product_cat","embeddable":true,"href":"https:\/\/www.stratumdesign.ch\/fr\/wp-json\/wp\/v2\/product_cat?post=6969"},{"taxonomy":"product_tag","embeddable":true,"href":"https:\/\/www.stratumdesign.ch\/fr\/wp-json\/wp\/v2\/product_tag?post=6969"}],"curies":[{"name":"wp","href":"https:\/\/api.w.org\/{rel}","templated":true}]}}