{"id":5632,"date":"2025-01-07T12:16:25","date_gmt":"2025-01-07T12:16:25","guid":{"rendered":"https:\/\/www.stratumdesign.ch\/?post_type=product&#038;p=5632"},"modified":"2026-02-19T13:33:43","modified_gmt":"2026-02-19T13:33:43","slug":"collection-2","status":"publish","type":"product","link":"https:\/\/www.stratumdesign.ch\/fr\/shop\/eclipse\/collection-2\/","title":{"rendered":"Lampe"},"content":{"rendered":"<p>The ECLIPSE lamp\u00a0is a fusion of light, shadow, and sculptural elegance, inspired by the celestial dance of an eclipse. Its organic form captures the moment of partial illumination, where darkness and light coexist in perfect balance. Designed to create a dramatic yet soothing ambiance, this piece transforms any space with its warm glow and flowing contours.<\/p>\n<p>The lamp is fully dimmable, allowing you to control both brightness and color temperature to set the perfect mood. As with all our designs, we encourage you to personalize this piece to the ideal size for your space\u2014ensuring that Eclipse is not just a lamp, but a tailored statement of your style.<\/p>","protected":false},"excerpt":{"rendered":"<p>Un jeu sculptural d\u2019ombre et de lumi\u00e8re, inspir\u00e9 du mouvement c\u00e9leste.<\/p>","protected":false},"featured_media":6119,"comment_status":"open","ping_status":"closed","template":"","meta":{"rs_blank_template":"","rs_page_bg_color":"","slide_template_v7":"","wds_primary_product_brand":0,"wds_primary_product_cat":84},"product_brand":[],"product_cat":[84,83],"product_tag":[],"class_list":{"0":"post-5632","1":"product","2":"type-product","3":"status-publish","4":"has-post-thumbnail","6":"product_cat-eclipse","7":"product_cat-lamps","9":"first","10":"instock","11":"featured","12":"taxable","13":"shipping-taxable","14":"purchasable","15":"product-type-simple"},"_links":{"self":[{"href":"https:\/\/www.stratumdesign.ch\/fr\/wp-json\/wp\/v2\/product\/5632","targetHints":{"allow":["GET"]}}],"collection":[{"href":"https:\/\/www.stratumdesign.ch\/fr\/wp-json\/wp\/v2\/product"}],"about":[{"href":"https:\/\/www.stratumdesign.ch\/fr\/wp-json\/wp\/v2\/types\/product"}],"replies":[{"embeddable":true,"href":"https:\/\/www.stratumdesign.ch\/fr\/wp-json\/wp\/v2\/comments?post=5632"}],"version-history":[{"count":2,"href":"https:\/\/www.stratumdesign.ch\/fr\/wp-json\/wp\/v2\/product\/5632\/revisions"}],"predecessor-version":[{"id":7766,"href":"https:\/\/www.stratumdesign.ch\/fr\/wp-json\/wp\/v2\/product\/5632\/revisions\/7766"}],"wp:featuredmedia":[{"embeddable":true,"href":"https:\/\/www.stratumdesign.ch\/fr\/wp-json\/wp\/v2\/media\/6119"}],"wp:attachment":[{"href":"https:\/\/www.stratumdesign.ch\/fr\/wp-json\/wp\/v2\/media?parent=5632"}],"wp:term":[{"taxonomy":"product_brand","embeddable":true,"href":"https:\/\/www.stratumdesign.ch\/fr\/wp-json\/wp\/v2\/product_brand?post=5632"},{"taxonomy":"product_cat","embeddable":true,"href":"https:\/\/www.stratumdesign.ch\/fr\/wp-json\/wp\/v2\/product_cat?post=5632"},{"taxonomy":"product_tag","embeddable":true,"href":"https:\/\/www.stratumdesign.ch\/fr\/wp-json\/wp\/v2\/product_tag?post=5632"}],"curies":[{"name":"wp","href":"https:\/\/api.w.org\/{rel}","templated":true}]}}