{"id":2768,"date":"2022-09-25T11:50:40","date_gmt":"2022-09-25T11:50:40","guid":{"rendered":"https:\/\/www.stratumdesign.ch\/?post_type=product&#038;p=2768"},"modified":"2026-02-19T13:34:29","modified_gmt":"2026-02-19T13:34:29","slug":"maree-fauteuil","status":"publish","type":"product","link":"https:\/\/www.stratumdesign.ch\/fr\/shop\/tide\/tide-easy-chair\/","title":{"rendered":"Chaise"},"content":{"rendered":"<p>TIDE Chair is a sculptural statement piece, where crisp, flowing lines create both visual impact and refined comfort. Designed to stand out, its bold yet organic form makes it a perfect addition to an entryway, reading nook, or any space that calls for artful presence.<\/p>\n<p>Crafted from premium Baltic birch, its layered construction enhances the play of light and shadow, adding depth and movement to the design. As with all our pieces, the TIDE Chair can be fully customized in size and finish, ensuring it perfectly complements your space and style.<\/p>","protected":false},"excerpt":{"rendered":"<p>Une pi\u00e8ce sculpturale parfaite pour une entr\u00e9e ou tout espace exigeant une pr\u00e9sence artistique.<\/p>","protected":false},"featured_media":6230,"comment_status":"open","ping_status":"closed","template":"","meta":{"rs_blank_template":"","rs_page_bg_color":"","slide_template_v7":"","wds_primary_product_brand":0,"wds_primary_product_cat":0},"product_brand":[],"product_cat":[30,78],"product_tag":[26],"class_list":{"0":"post-2768","1":"product","2":"type-product","3":"status-publish","4":"has-post-thumbnail","6":"product_cat-tide","7":"product_cat-chairs","8":"product_tag-contemporary","10":"first","11":"instock","12":"taxable","13":"shipping-taxable","14":"purchasable","15":"product-type-simple"},"_links":{"self":[{"href":"https:\/\/www.stratumdesign.ch\/fr\/wp-json\/wp\/v2\/product\/2768","targetHints":{"allow":["GET"]}}],"collection":[{"href":"https:\/\/www.stratumdesign.ch\/fr\/wp-json\/wp\/v2\/product"}],"about":[{"href":"https:\/\/www.stratumdesign.ch\/fr\/wp-json\/wp\/v2\/types\/product"}],"replies":[{"embeddable":true,"href":"https:\/\/www.stratumdesign.ch\/fr\/wp-json\/wp\/v2\/comments?post=2768"}],"version-history":[{"count":2,"href":"https:\/\/www.stratumdesign.ch\/fr\/wp-json\/wp\/v2\/product\/2768\/revisions"}],"predecessor-version":[{"id":9211,"href":"https:\/\/www.stratumdesign.ch\/fr\/wp-json\/wp\/v2\/product\/2768\/revisions\/9211"}],"wp:featuredmedia":[{"embeddable":true,"href":"https:\/\/www.stratumdesign.ch\/fr\/wp-json\/wp\/v2\/media\/6230"}],"wp:attachment":[{"href":"https:\/\/www.stratumdesign.ch\/fr\/wp-json\/wp\/v2\/media?parent=2768"}],"wp:term":[{"taxonomy":"product_brand","embeddable":true,"href":"https:\/\/www.stratumdesign.ch\/fr\/wp-json\/wp\/v2\/product_brand?post=2768"},{"taxonomy":"product_cat","embeddable":true,"href":"https:\/\/www.stratumdesign.ch\/fr\/wp-json\/wp\/v2\/product_cat?post=2768"},{"taxonomy":"product_tag","embeddable":true,"href":"https:\/\/www.stratumdesign.ch\/fr\/wp-json\/wp\/v2\/product_tag?post=2768"}],"curies":[{"name":"wp","href":"https:\/\/api.w.org\/{rel}","templated":true}]}}