{"id":8009,"date":"2025-06-02T10:56:01","date_gmt":"2025-06-02T10:56:01","guid":{"rendered":"https:\/\/www.stratumdesign.ch\/?page_id=8009"},"modified":"2025-06-02T11:01:09","modified_gmt":"2025-06-02T11:01:09","slug":"politique-de-confidentialite","status":"publish","type":"page","link":"https:\/\/www.stratumdesign.ch\/fr\/privacy-policy\/","title":{"rendered":"Politique de confidentialit\u00e9"},"content":{"rendered":"<div data-elementor-type=\"wp-page\" data-elementor-id=\"8009\" class=\"elementor elementor-8009\" data-elementor-post-type=\"page\">\n\t\t\t\t\t\t<section class=\"elementor-section elementor-top-section elementor-element elementor-element-56a8cb42 elementor-section-boxed elementor-section-height-default elementor-section-height-default\" data-id=\"56a8cb42\" data-element_type=\"section\" data-e-type=\"section\">\n\t\t\t\t\t\t<div class=\"elementor-container elementor-column-gap-extended\">\n\t\t\t\t\t<div class=\"elementor-column elementor-col-50 elementor-top-column elementor-element elementor-element-7ade651f\" data-id=\"7ade651f\" data-element_type=\"column\" data-e-type=\"column\">\n\t\t\t<div class=\"elementor-widget-wrap elementor-element-populated\">\n\t\t\t\t\t\t<div class=\"elementor-element elementor-element-69034f21 elementor-widget elementor-widget-heading\" data-id=\"69034f21\" data-element_type=\"widget\" data-e-type=\"widget\" data-widget_type=\"heading.default\">\n\t\t\t\t<div class=\"elementor-widget-container\">\n\t\t\t\t\t<h4 class=\"elementor-heading-title elementor-size-default\">Stratum \u2013 Politique de confidentialit\u00e9<\/h4>\t\t\t\t<\/div>\n\t\t\t\t<\/div>\n\t\t\t\t<div class=\"elementor-element elementor-element-4a192d23 elementor-widget elementor-widget-text-editor\" data-id=\"4a192d23\" data-element_type=\"widget\" data-e-type=\"widget\" data-widget_type=\"text-editor.default\">\n\t\t\t\t<div class=\"elementor-widget-container\">\n\t\t\t\t\t\t\t\t\t<p>Derni\u00e8re mise \u00e0 jour\u00a0: 2 juin 2025<\/p><p>Stratum s&#039;engage \u00e0 prot\u00e9ger votre vie priv\u00e9e. Cette politique d\u00e9crit les informations personnelles que nous collectons et leur utilisation.<\/p>\t\t\t\t\t\t\t\t<\/div>\n\t\t\t\t<\/div>\n\t\t\t\t\t<\/div>\n\t\t<\/div>\n\t\t\t\t<div class=\"elementor-column elementor-col-50 elementor-top-column elementor-element elementor-element-4df6299b\" data-id=\"4df6299b\" data-element_type=\"column\" data-e-type=\"column\">\n\t\t\t<div class=\"elementor-widget-wrap elementor-element-populated\">\n\t\t\t\t\t\t<div class=\"elementor-element elementor-element-1975f5df elementor-widget elementor-widget-heading\" data-id=\"1975f5df\" data-element_type=\"widget\" data-e-type=\"widget\" data-widget_type=\"heading.default\">\n\t\t\t\t<div class=\"elementor-widget-container\">\n\t\t\t\t\t<h6 class=\"elementor-heading-title elementor-size-default\">1. Informations que nous collectons\n<\/h6>\t\t\t\t<\/div>\n\t\t\t\t<\/div>\n\t\t\t\t<div class=\"elementor-element elementor-element-75d59a2d elementor-widget elementor-widget-text-editor\" data-id=\"75d59a2d\" data-element_type=\"widget\" data-e-type=\"widget\" data-widget_type=\"text-editor.default\">\n\t\t\t\t<div class=\"elementor-widget-container\">\n\t\t\t\t\t\t\t\t\t<p data-start=\"427\" data-end=\"532\">Lorsque vous visitez notre site, passez une commande ou nous contactez, nous pouvons collecter :<br data-start=\"2338\" data-end=\"2341\" \/>\u2013 Votre nom, votre adresse e-mail, votre num\u00e9ro de t\u00e9l\u00e9phone et votre adresse de livraison\/facturation<br data-start=\"2411\" data-end=\"2414\" \/>\u2013 D\u00e9tails de paiement (trait\u00e9s en toute s\u00e9curit\u00e9 via des fournisseurs tiers)<br data-start=\"2478\" data-end=\"2481\" \/>\u2013 Enregistrements de communication et pr\u00e9f\u00e9rences de conception<br data-start=\"2527\" data-end=\"2530\" \/>\u2013 Donn\u00e9es d\u2019utilisation du site Web (via des outils d\u2019analyse)<\/p>\t\t\t\t\t\t\t\t<\/div>\n\t\t\t\t<\/div>\n\t\t\t\t<div class=\"elementor-element elementor-element-faefb90 elementor-widget elementor-widget-spacer\" data-id=\"faefb90\" data-element_type=\"widget\" data-e-type=\"widget\" data-widget_type=\"spacer.default\">\n\t\t\t\t<div class=\"elementor-widget-container\">\n\t\t\t\t\t\t\t<div class=\"elementor-spacer\">\n\t\t\t<div class=\"elementor-spacer-inner\"><\/div>\n\t\t<\/div>\n\t\t\t\t\t\t<\/div>\n\t\t\t\t<\/div>\n\t\t\t\t<div class=\"elementor-element elementor-element-52c822aa elementor-widget elementor-widget-heading\" data-id=\"52c822aa\" data-element_type=\"widget\" data-e-type=\"widget\" data-widget_type=\"heading.default\">\n\t\t\t\t<div class=\"elementor-widget-container\">\n\t\t\t\t\t<h6 class=\"elementor-heading-title elementor-size-default\">2. Comment nous utilisons vos informations\n\n<\/h6>\t\t\t\t<\/div>\n\t\t\t\t<\/div>\n\t\t\t\t<div class=\"elementor-element elementor-element-477f1870 elementor-widget elementor-widget-text-editor\" data-id=\"477f1870\" data-element_type=\"widget\" data-e-type=\"widget\" data-widget_type=\"text-editor.default\">\n\t\t\t\t<div class=\"elementor-widget-container\">\n\t\t\t\t\t\t\t\t\t<p>Nous utilisons vos informations pour :<br data-start=\"2642\" data-end=\"2645\" \/>\u2013 Traiter et ex\u00e9cuter les commandes<br data-start=\"2673\" data-end=\"2676\" \/>\u2013 Communiquer avec vous sur votre projet<br data-start=\"2717\" data-end=\"2720\" \/>\u2013 Envoyer des mises \u00e0 jour de commande et des e-mails promotionnels (si vous optez pour cette option)<br data-start=\"2779\" data-end=\"2782\" \/>\u2013 Am\u00e9liorer notre site Web et l\u2019exp\u00e9rience client<\/p>\t\t\t\t\t\t\t\t<\/div>\n\t\t\t\t<\/div>\n\t\t\t\t<div class=\"elementor-element elementor-element-13a4c7b4 elementor-widget elementor-widget-spacer\" data-id=\"13a4c7b4\" data-element_type=\"widget\" data-e-type=\"widget\" data-widget_type=\"spacer.default\">\n\t\t\t\t<div class=\"elementor-widget-container\">\n\t\t\t\t\t\t\t<div class=\"elementor-spacer\">\n\t\t\t<div class=\"elementor-spacer-inner\"><\/div>\n\t\t<\/div>\n\t\t\t\t\t\t<\/div>\n\t\t\t\t<\/div>\n\t\t\t\t<div class=\"elementor-element elementor-element-7615555b elementor-widget elementor-widget-heading\" data-id=\"7615555b\" data-element_type=\"widget\" data-e-type=\"widget\" data-widget_type=\"heading.default\">\n\t\t\t\t<div class=\"elementor-widget-container\">\n\t\t\t\t\t<h6 class=\"elementor-heading-title elementor-size-default\">3. Stockage et s\u00e9curit\u00e9 des donn\u00e9es\n\n<\/h6>\t\t\t\t<\/div>\n\t\t\t\t<\/div>\n\t\t\t\t<div class=\"elementor-element elementor-element-7b537e4c elementor-widget elementor-widget-text-editor\" data-id=\"7b537e4c\" data-element_type=\"widget\" data-e-type=\"widget\" data-widget_type=\"text-editor.default\">\n\t\t\t\t<div class=\"elementor-widget-container\">\n\t\t\t\t\t\t\t\t\t<p>Nous stockons vos informations en toute s\u00e9curit\u00e9 et prenons les mesures appropri\u00e9es pour les prot\u00e9ger. Les paiements sont g\u00e9r\u00e9s par des prestataires tiers de confiance tels que Stripe ou PayPal.<\/p>\t\t\t\t\t\t\t\t<\/div>\n\t\t\t\t<\/div>\n\t\t\t\t<div class=\"elementor-element elementor-element-3346a13a elementor-widget elementor-widget-spacer\" data-id=\"3346a13a\" data-element_type=\"widget\" data-e-type=\"widget\" data-widget_type=\"spacer.default\">\n\t\t\t\t<div class=\"elementor-widget-container\">\n\t\t\t\t\t\t\t<div class=\"elementor-spacer\">\n\t\t\t<div class=\"elementor-spacer-inner\"><\/div>\n\t\t<\/div>\n\t\t\t\t\t\t<\/div>\n\t\t\t\t<\/div>\n\t\t\t\t<div class=\"elementor-element elementor-element-67a99929 elementor-widget elementor-widget-heading\" data-id=\"67a99929\" data-element_type=\"widget\" data-e-type=\"widget\" data-widget_type=\"heading.default\">\n\t\t\t\t<div class=\"elementor-widget-container\">\n\t\t\t\t\t<h6 class=\"elementor-heading-title elementor-size-default\">4. Partage de vos donn\u00e9es\n\n\n<\/h6>\t\t\t\t<\/div>\n\t\t\t\t<\/div>\n\t\t\t\t<div class=\"elementor-element elementor-element-c220944 elementor-widget elementor-widget-text-editor\" data-id=\"c220944\" data-element_type=\"widget\" data-e-type=\"widget\" data-widget_type=\"text-editor.default\">\n\t\t\t\t<div class=\"elementor-widget-container\">\n\t\t\t\t\t\t\t\t\t<p>Nous ne vendons jamais vos donn\u00e9es. Nous les partageons uniquement avec les prestataires de services n\u00e9cessaires \u00e0 l&#039;ex\u00e9cution de votre commande (par exemple, les transporteurs ou les processeurs de paiement).<\/p>\t\t\t\t\t\t\t\t<\/div>\n\t\t\t\t<\/div>\n\t\t\t\t<div class=\"elementor-element elementor-element-a7f2d04 elementor-widget elementor-widget-spacer\" data-id=\"a7f2d04\" data-element_type=\"widget\" data-e-type=\"widget\" data-widget_type=\"spacer.default\">\n\t\t\t\t<div class=\"elementor-widget-container\">\n\t\t\t\t\t\t\t<div class=\"elementor-spacer\">\n\t\t\t<div class=\"elementor-spacer-inner\"><\/div>\n\t\t<\/div>\n\t\t\t\t\t\t<\/div>\n\t\t\t\t<\/div>\n\t\t\t\t<div class=\"elementor-element elementor-element-3754975b elementor-widget elementor-widget-heading\" data-id=\"3754975b\" data-element_type=\"widget\" data-e-type=\"widget\" data-widget_type=\"heading.default\">\n\t\t\t\t<div class=\"elementor-widget-container\">\n\t\t\t\t\t<h6 class=\"elementor-heading-title elementor-size-default\">5. Vos droits\n\n\n<\/h6>\t\t\t\t<\/div>\n\t\t\t\t<\/div>\n\t\t\t\t<div class=\"elementor-element elementor-element-195228f8 elementor-widget elementor-widget-text-editor\" data-id=\"195228f8\" data-element_type=\"widget\" data-e-type=\"widget\" data-widget_type=\"text-editor.default\">\n\t\t\t\t<div class=\"elementor-widget-container\">\n\t\t\t\t\t\t\t\t\t<p>Vous disposez d&#039;un droit d&#039;acc\u00e8s, de rectification et de suppression de vos donn\u00e9es personnelles. Pour toute demande, contactez-nous \u00e0 l&#039;adresse info@stratumbespoke.com. Stratum d\u00e9cline toute responsabilit\u00e9 en cas de retard ou de frais suppl\u00e9mentaires li\u00e9s aux proc\u00e9dures douani\u00e8res.<\/p>\t\t\t\t\t\t\t\t<\/div>\n\t\t\t\t<\/div>\n\t\t\t\t<div class=\"elementor-element elementor-element-6be1a6e0 elementor-widget elementor-widget-spacer\" data-id=\"6be1a6e0\" data-element_type=\"widget\" data-e-type=\"widget\" data-widget_type=\"spacer.default\">\n\t\t\t\t<div class=\"elementor-widget-container\">\n\t\t\t\t\t\t\t<div class=\"elementor-spacer\">\n\t\t\t<div class=\"elementor-spacer-inner\"><\/div>\n\t\t<\/div>\n\t\t\t\t\t\t<\/div>\n\t\t\t\t<\/div>\n\t\t\t\t<div class=\"elementor-element elementor-element-2c5ac16a elementor-widget elementor-widget-heading\" data-id=\"2c5ac16a\" data-element_type=\"widget\" data-e-type=\"widget\" data-widget_type=\"heading.default\">\n\t\t\t\t<div class=\"elementor-widget-container\">\n\t\t\t\t\t<h6 class=\"elementor-heading-title elementor-size-default\">6. Cookies\n\n\n<\/h6>\t\t\t\t<\/div>\n\t\t\t\t<\/div>\n\t\t\t\t<div class=\"elementor-element elementor-element-212bd10f elementor-widget elementor-widget-text-editor\" data-id=\"212bd10f\" data-element_type=\"widget\" data-e-type=\"widget\" data-widget_type=\"text-editor.default\">\n\t\t\t\t<div class=\"elementor-widget-container\">\n\t\t\t\t\t\t\t\t\t<p>Notre site web utilise des cookies pour am\u00e9liorer les performances et comprendre le comportement des utilisateurs. Vous pouvez g\u00e9rer vos pr\u00e9f\u00e9rences en mati\u00e8re de cookies dans les param\u00e8tres de votre navigateur.<\/p>\t\t\t\t\t\t\t\t<\/div>\n\t\t\t\t<\/div>\n\t\t\t\t<div class=\"elementor-element elementor-element-44d764b3 elementor-widget elementor-widget-spacer\" data-id=\"44d764b3\" data-element_type=\"widget\" data-e-type=\"widget\" data-widget_type=\"spacer.default\">\n\t\t\t\t<div class=\"elementor-widget-container\">\n\t\t\t\t\t\t\t<div class=\"elementor-spacer\">\n\t\t\t<div class=\"elementor-spacer-inner\"><\/div>\n\t\t<\/div>\n\t\t\t\t\t\t<\/div>\n\t\t\t\t<\/div>\n\t\t\t\t<div class=\"elementor-element elementor-element-3a9fc343 elementor-widget elementor-widget-heading\" data-id=\"3a9fc343\" data-element_type=\"widget\" data-e-type=\"widget\" data-widget_type=\"heading.default\">\n\t\t\t\t<div class=\"elementor-widget-container\">\n\t\t\t\t\t<h6 class=\"elementor-heading-title elementor-size-default\">7. Contact\n\n<\/h6>\t\t\t\t<\/div>\n\t\t\t\t<\/div>\n\t\t\t\t<div class=\"elementor-element elementor-element-7e7174be elementor-widget elementor-widget-text-editor\" data-id=\"7e7174be\" data-element_type=\"widget\" data-e-type=\"widget\" data-widget_type=\"text-editor.default\">\n\t\t\t\t<div class=\"elementor-widget-container\">\n\t\t\t\t\t\t\t\t\t<p>Pour toute question concernant cette politique, envoyez-nous un e-mail \u00e0 info@stratumbespoke.com<\/p>\t\t\t\t\t\t\t\t<\/div>\n\t\t\t\t<\/div>\n\t\t\t\t<div class=\"elementor-element elementor-element-547bfba6 elementor-widget elementor-widget-spacer\" data-id=\"547bfba6\" data-element_type=\"widget\" data-e-type=\"widget\" data-widget_type=\"spacer.default\">\n\t\t\t\t<div class=\"elementor-widget-container\">\n\t\t\t\t\t\t\t<div class=\"elementor-spacer\">\n\t\t\t<div class=\"elementor-spacer-inner\"><\/div>\n\t\t<\/div>\n\t\t\t\t\t\t<\/div>\n\t\t\t\t<\/div>\n\t\t\t\t<div class=\"elementor-element elementor-element-3d258e1a elementor-widget elementor-widget-spacer\" data-id=\"3d258e1a\" data-element_type=\"widget\" data-e-type=\"widget\" data-widget_type=\"spacer.default\">\n\t\t\t\t<div class=\"elementor-widget-container\">\n\t\t\t\t\t\t\t<div class=\"elementor-spacer\">\n\t\t\t<div class=\"elementor-spacer-inner\"><\/div>\n\t\t<\/div>\n\t\t\t\t\t\t<\/div>\n\t\t\t\t<\/div>\n\t\t\t\t\t<\/div>\n\t\t<\/div>\n\t\t\t\t\t<\/div>\n\t\t<\/section>\n\t\t\t\t<\/div>","protected":false},"excerpt":{"rendered":"<p>Stratum \u2013 Privacy Policy Last updated: June 2nd, 2025 Stratum is committed to protecting your privacy. This policy outlines what personal information we collect and how we use it. 1. Information We Collect When you visit our site, place an order, or contact us, we may collect:\u2013 Your name, email address, phone number, and shipping\/billing &hellip;<\/p>","protected":false},"author":2,"featured_media":0,"parent":0,"menu_order":0,"comment_status":"closed","ping_status":"closed","template":"","meta":{"rs_blank_template":"","rs_page_bg_color":"","slide_template_v7":"","footnotes":""},"class_list":["post-8009","page","type-page","status-publish","hentry"],"_links":{"self":[{"href":"https:\/\/www.stratumdesign.ch\/fr\/wp-json\/wp\/v2\/pages\/8009","targetHints":{"allow":["GET"]}}],"collection":[{"href":"https:\/\/www.stratumdesign.ch\/fr\/wp-json\/wp\/v2\/pages"}],"about":[{"href":"https:\/\/www.stratumdesign.ch\/fr\/wp-json\/wp\/v2\/types\/page"}],"author":[{"embeddable":true,"href":"https:\/\/www.stratumdesign.ch\/fr\/wp-json\/wp\/v2\/users\/2"}],"replies":[{"embeddable":true,"href":"https:\/\/www.stratumdesign.ch\/fr\/wp-json\/wp\/v2\/comments?post=8009"}],"version-history":[{"count":4,"href":"https:\/\/www.stratumdesign.ch\/fr\/wp-json\/wp\/v2\/pages\/8009\/revisions"}],"predecessor-version":[{"id":8016,"href":"https:\/\/www.stratumdesign.ch\/fr\/wp-json\/wp\/v2\/pages\/8009\/revisions\/8016"}],"wp:attachment":[{"href":"https:\/\/www.stratumdesign.ch\/fr\/wp-json\/wp\/v2\/media?parent=8009"}],"curies":[{"name":"wp","href":"https:\/\/api.w.org\/{rel}","templated":true}]}}