{"id":4591,"date":"2023-03-22T18:11:53","date_gmt":"2023-03-22T18:11:53","guid":{"rendered":"https:\/\/www.stratumdesign.ch\/?page_id=4591"},"modified":"2023-04-10T14:13:52","modified_gmt":"2023-04-10T14:13:52","slug":"personnaliser","status":"publish","type":"page","link":"https:\/\/www.stratumdesign.ch\/fr\/customize\/","title":{"rendered":"Personnaliser"},"content":{"rendered":"<div data-elementor-type=\"wp-page\" data-elementor-id=\"4591\" class=\"elementor elementor-4591\" data-elementor-post-type=\"page\">\n\t\t\t\t\t\t<section class=\"elementor-section elementor-top-section elementor-element elementor-element-dc0af73 elementor-section-boxed elementor-section-height-default elementor-section-height-default\" data-id=\"dc0af73\" data-element_type=\"section\" data-e-type=\"section\">\n\t\t\t\t\t\t<div class=\"elementor-container elementor-column-gap-default\">\n\t\t\t\t\t<div class=\"elementor-column elementor-col-100 elementor-top-column elementor-element elementor-element-e28d005\" data-id=\"e28d005\" data-element_type=\"column\" data-e-type=\"column\">\n\t\t\t<div class=\"elementor-widget-wrap elementor-element-populated\">\n\t\t\t\t\t\t<div class=\"elementor-element elementor-element-275e70d elementor-widget elementor-widget-heading\" data-id=\"275e70d\" data-element_type=\"widget\" data-e-type=\"widget\" data-widget_type=\"heading.default\">\n\t\t\t\t<div class=\"elementor-widget-container\">\n\t\t\t\t\t<h2 class=\"elementor-heading-title elementor-size-default\">Comment personnaliser avec nous<\/h2>\t\t\t\t<\/div>\n\t\t\t\t<\/div>\n\t\t\t\t\t<\/div>\n\t\t<\/div>\n\t\t\t\t\t<\/div>\n\t\t<\/section>\n\t\t\t\t<section class=\"elementor-section elementor-top-section elementor-element elementor-element-5c77ab1 elementor-section-boxed elementor-section-height-default elementor-section-height-default\" data-id=\"5c77ab1\" data-element_type=\"section\" data-e-type=\"section\">\n\t\t\t\t\t\t<div class=\"elementor-container elementor-column-gap-default\">\n\t\t\t\t\t<div class=\"elementor-column elementor-col-33 elementor-top-column elementor-element elementor-element-e3c6da5\" data-id=\"e3c6da5\" data-element_type=\"column\" data-e-type=\"column\">\n\t\t\t<div class=\"elementor-widget-wrap elementor-element-populated\">\n\t\t\t\t\t\t<div class=\"elementor-element elementor-element-11a6919 elementor-widget elementor-widget-image\" data-id=\"11a6919\" data-element_type=\"widget\" data-e-type=\"widget\" data-widget_type=\"image.default\">\n\t\t\t\t<div class=\"elementor-widget-container\">\n\t\t\t\t\t\t\t\t\t\t\t\t\t\t\t<img fetchpriority=\"high\" decoding=\"async\" width=\"1024\" height=\"1024\" src=\"https:\/\/www.stratumdesign.ch\/wp-content\/uploads\/sites\/5\/2015\/08\/Wave-Coffee-Table-dark-1024x1024.jpg\" class=\"attachment-large size-large wp-image-4586\" alt=\"\" srcset=\"https:\/\/www.stratumdesign.ch\/wp-content\/uploads\/sites\/5\/2015\/08\/Wave-Coffee-Table-dark-1024x1024.jpg 1024w, https:\/\/www.stratumdesign.ch\/wp-content\/uploads\/sites\/5\/2015\/08\/Wave-Coffee-Table-dark-300x300.jpg 300w, https:\/\/www.stratumdesign.ch\/wp-content\/uploads\/sites\/5\/2015\/08\/Wave-Coffee-Table-dark-150x150.jpg 150w, https:\/\/www.stratumdesign.ch\/wp-content\/uploads\/sites\/5\/2015\/08\/Wave-Coffee-Table-dark-768x768.jpg 768w, https:\/\/www.stratumdesign.ch\/wp-content\/uploads\/sites\/5\/2015\/08\/Wave-Coffee-Table-dark-1536x1536.jpg 1536w, https:\/\/www.stratumdesign.ch\/wp-content\/uploads\/sites\/5\/2015\/08\/Wave-Coffee-Table-dark-2048x2048.jpg 2048w, https:\/\/www.stratumdesign.ch\/wp-content\/uploads\/sites\/5\/2015\/08\/Wave-Coffee-Table-dark-12x12.jpg 12w, https:\/\/www.stratumdesign.ch\/wp-content\/uploads\/sites\/5\/2015\/08\/Wave-Coffee-Table-dark-680x680.jpg 680w, https:\/\/www.stratumdesign.ch\/wp-content\/uploads\/sites\/5\/2015\/08\/Wave-Coffee-Table-dark-100x100.jpg 100w\" sizes=\"(max-width: 1024px) 100vw, 1024px\" \/>\t\t\t\t\t\t\t\t\t\t\t\t\t\t\t<\/div>\n\t\t\t\t<\/div>\n\t\t\t\t<div class=\"elementor-element elementor-element-313fa2a elementor-widget elementor-widget-heading\" data-id=\"313fa2a\" data-element_type=\"widget\" data-e-type=\"widget\" data-widget_type=\"heading.default\">\n\t\t\t\t<div class=\"elementor-widget-container\">\n\t\t\t\t\t<h2 class=\"elementor-heading-title elementor-size-default\">Personnalis\u00e9<\/h2>\t\t\t\t<\/div>\n\t\t\t\t<\/div>\n\t\t\t\t<div class=\"elementor-element elementor-element-e7b9d90 elementor-widget elementor-widget-text-editor\" data-id=\"e7b9d90\" data-element_type=\"widget\" data-e-type=\"widget\" data-widget_type=\"text-editor.default\">\n\t\t\t\t<div class=\"elementor-widget-container\">\n\t\t\t\t\t\t\t\t\t<p>Nos produits offrent des options de personnalisation in\u00e9gal\u00e9es\u00a0<span style=\"color: var( --e-global-color-text ); font-family: var( --e-global-typography-text-font-family ), Sans-serif; font-weight: var( --e-global-typography-text-font-weight );\">en utilisant notre logiciel convivial bas\u00e9 sur le Web \u00ab Stratum Designer \u00bb<\/span><span style=\"color: var( --e-global-color-text ); font-family: var( --e-global-typography-text-font-family ), Sans-serif; font-weight: var( --e-global-typography-text-font-weight );\">.\u00a0<\/span><span style=\"color: var( --e-global-color-text ); font-family: var( --e-global-typography-text-font-family ), Sans-serif; font-weight: var( --e-global-typography-text-font-weight );\">Cliquez sur \u00ab\u00a0Personnaliser\u00a0\u00bb sur n&#039;importe quelle page de produit ou acc\u00e9dez directement au concepteur pour commencer \u00e0 cr\u00e9er votre chef-d&#039;\u0153uvre unique.<\/span><\/p><p><span style=\"color: var( --e-global-color-text ); font-family: var( --e-global-typography-text-font-family ), Sans-serif; font-weight: var( --e-global-typography-text-font-weight );\">Si vous avez besoin d&#039;aide, nous sommes l\u00e0 pour vous guider tout au long du processus afin que vous puissiez tirer le meilleur parti de Stratum Designer. Restez \u00e0 l&#039;\u00e9coute\u00a0: nous enrichissons continuellement notre offre avec des styles de design polyvalents et des fonctionnalit\u00e9s fonctionnelles pour sublimer vos cr\u00e9ations uniques.<\/span><\/p>\t\t\t\t\t\t\t\t<\/div>\n\t\t\t\t<\/div>\n\t\t\t\t<div class=\"elementor-element elementor-element-5e194d9 elementor-align-justify elementor-widget elementor-widget-button\" data-id=\"5e194d9\" data-element_type=\"widget\" data-e-type=\"widget\" data-widget_type=\"button.default\">\n\t\t\t\t<div class=\"elementor-widget-container\">\n\t\t\t\t\t\t\t\t\t<div class=\"elementor-button-wrapper\">\n\t\t\t\t\t<a class=\"elementor-button elementor-button-link elementor-size-sm\" href=\"https:\/\/design.stratumbespoke.com\/\" target=\"_blank\" rel=\"noopener\">\n\t\t\t\t\t\t<span class=\"elementor-button-content-wrapper\">\n\t\t\t\t\t\t\t\t\t<span class=\"elementor-button-text\">Concepteur de strate<\/span>\n\t\t\t\t\t<\/span>\n\t\t\t\t\t<\/a>\n\t\t\t\t<\/div>\n\t\t\t\t\t\t\t\t<\/div>\n\t\t\t\t<\/div>\n\t\t\t\t\t<\/div>\n\t\t<\/div>\n\t\t\t\t<div class=\"elementor-column elementor-col-33 elementor-top-column elementor-element elementor-element-32437bf\" data-id=\"32437bf\" data-element_type=\"column\" data-e-type=\"column\">\n\t\t\t<div class=\"elementor-widget-wrap elementor-element-populated\">\n\t\t\t\t\t\t<div class=\"elementor-element elementor-element-0c1fdf4 elementor-widget elementor-widget-image\" data-id=\"0c1fdf4\" data-element_type=\"widget\" data-e-type=\"widget\" data-widget_type=\"image.default\">\n\t\t\t\t<div class=\"elementor-widget-container\">\n\t\t\t\t\t\t\t\t\t\t\t\t\t\t\t<img decoding=\"async\" width=\"1024\" height=\"1024\" data-src=\"https:\/\/www.stratumdesign.ch\/wp-content\/uploads\/sites\/5\/2023\/02\/v4-back-1-1024x1024.jpg\" class=\"attachment-large size-large wp-image-4384 lazyload\" alt=\"\" data-srcset=\"https:\/\/www.stratumdesign.ch\/wp-content\/uploads\/sites\/5\/2023\/02\/v4-back-1-1024x1024.jpg 1024w, https:\/\/www.stratumdesign.ch\/wp-content\/uploads\/sites\/5\/2023\/02\/v4-back-1-300x300.jpg 300w, https:\/\/www.stratumdesign.ch\/wp-content\/uploads\/sites\/5\/2023\/02\/v4-back-1-150x150.jpg 150w, https:\/\/www.stratumdesign.ch\/wp-content\/uploads\/sites\/5\/2023\/02\/v4-back-1-768x768.jpg 768w, https:\/\/www.stratumdesign.ch\/wp-content\/uploads\/sites\/5\/2023\/02\/v4-back-1-1536x1536.jpg 1536w, https:\/\/www.stratumdesign.ch\/wp-content\/uploads\/sites\/5\/2023\/02\/v4-back-1-12x12.jpg 12w, https:\/\/www.stratumdesign.ch\/wp-content\/uploads\/sites\/5\/2023\/02\/v4-back-1-350x350.jpg 350w, https:\/\/www.stratumdesign.ch\/wp-content\/uploads\/sites\/5\/2023\/02\/v4-back-1-680x680.jpg 680w, https:\/\/www.stratumdesign.ch\/wp-content\/uploads\/sites\/5\/2023\/02\/v4-back-1-100x100.jpg 100w, https:\/\/www.stratumdesign.ch\/wp-content\/uploads\/sites\/5\/2023\/02\/v4-back-1.jpg 2000w\" data-sizes=\"(max-width: 1024px) 100vw, 1024px\" src=\"data:image\/svg+xml;base64,PHN2ZyB3aWR0aD0iMSIgaGVpZ2h0PSIxIiB4bWxucz0iaHR0cDovL3d3dy53My5vcmcvMjAwMC9zdmciPjwvc3ZnPg==\" style=\"--smush-placeholder-width: 1024px; --smush-placeholder-aspect-ratio: 1024\/1024;\" \/>\t\t\t\t\t\t\t\t\t\t\t\t\t\t\t<\/div>\n\t\t\t\t<\/div>\n\t\t\t\t<div class=\"elementor-element elementor-element-14d1fb6 elementor-widget elementor-widget-heading\" data-id=\"14d1fb6\" data-element_type=\"widget\" data-e-type=\"widget\" data-widget_type=\"heading.default\">\n\t\t\t\t<div class=\"elementor-widget-container\">\n\t\t\t\t\t<h2 class=\"elementor-heading-title elementor-size-default\">Sur mesure<\/h2>\t\t\t\t<\/div>\n\t\t\t\t<\/div>\n\t\t\t\t<div class=\"elementor-element elementor-element-87c7f0e elementor-widget elementor-widget-text-editor\" data-id=\"87c7f0e\" data-element_type=\"widget\" data-e-type=\"widget\" data-widget_type=\"text-editor.default\">\n\t\t\t\t<div class=\"elementor-widget-container\">\n\t\t\t\t\t\t\t\t\t<p>Vous recherchez une pi\u00e8ce unique qui d\u00e9passe notre collection actuelle\u00a0? Nous sommes impatients de collaborer avec vous et de donner vie \u00e0 votre vision. Notre processus de fabrication de meubles s&#039;adapte aux formes et g\u00e9om\u00e9tries complexes, ainsi qu&#039;aux designs simples et \u00e9l\u00e9gants qui s&#039;int\u00e8greront parfaitement \u00e0 votre int\u00e9rieur.\u00a0<\/p><p>Nous sommes heureux de vous fournir des croquis pr\u00e9liminaires gratuits, garantissant une compr\u00e9hension commune de votre vision avant de poursuivre. Pour un parcours de conception v\u00e9ritablement personnalis\u00e9, notre service d\u00e9marre \u00e0 600 CHF par \u00e9tape de conception, vous permettant d&#039;affiner et de perfectionner votre cr\u00e9ation exclusive, con\u00e7ue sp\u00e9cialement pour vous.<\/p>\t\t\t\t\t\t\t\t<\/div>\n\t\t\t\t<\/div>\n\t\t\t\t<div class=\"elementor-element elementor-element-91b08ff elementor-align-justify elementor-widget elementor-widget-button\" data-id=\"91b08ff\" data-element_type=\"widget\" data-e-type=\"widget\" data-widget_type=\"button.default\">\n\t\t\t\t<div class=\"elementor-widget-container\">\n\t\t\t\t\t\t\t\t\t<div class=\"elementor-button-wrapper\">\n\t\t\t\t\t<a class=\"elementor-button elementor-button-link elementor-size-sm\" href=\"https:\/\/www.stratumdesign.ch\/fr\/contactez\/\">\n\t\t\t\t\t\t<span class=\"elementor-button-content-wrapper\">\n\t\t\t\t\t\t\t\t\t<span class=\"elementor-button-text\">Envoie-nous un message<\/span>\n\t\t\t\t\t<\/span>\n\t\t\t\t\t<\/a>\n\t\t\t\t<\/div>\n\t\t\t\t\t\t\t\t<\/div>\n\t\t\t\t<\/div>\n\t\t\t\t\t<\/div>\n\t\t<\/div>\n\t\t\t\t<div class=\"elementor-column elementor-col-33 elementor-top-column elementor-element elementor-element-8003a20\" data-id=\"8003a20\" data-element_type=\"column\" data-e-type=\"column\">\n\t\t\t<div class=\"elementor-widget-wrap elementor-element-populated\">\n\t\t\t\t\t\t<div class=\"elementor-element elementor-element-c26cef3 elementor-widget elementor-widget-image\" data-id=\"c26cef3\" data-element_type=\"widget\" data-e-type=\"widget\" data-widget_type=\"image.default\">\n\t\t\t\t<div class=\"elementor-widget-container\">\n\t\t\t\t\t\t\t\t\t\t\t\t\t\t\t<img decoding=\"async\" width=\"1024\" height=\"1024\" data-src=\"https:\/\/www.stratumdesign.ch\/wp-content\/uploads\/sites\/5\/2022\/09\/stream-detail-mobile-1-1024x1024.jpg\" class=\"attachment-large size-large wp-image-3015 lazyload\" alt=\"\" data-srcset=\"https:\/\/www.stratumdesign.ch\/wp-content\/uploads\/sites\/5\/2022\/09\/stream-detail-mobile-1-1024x1024.jpg 1024w, https:\/\/www.stratumdesign.ch\/wp-content\/uploads\/sites\/5\/2022\/09\/stream-detail-mobile-1-300x300.jpg 300w, https:\/\/www.stratumdesign.ch\/wp-content\/uploads\/sites\/5\/2022\/09\/stream-detail-mobile-1-150x150.jpg 150w, https:\/\/www.stratumdesign.ch\/wp-content\/uploads\/sites\/5\/2022\/09\/stream-detail-mobile-1-768x768.jpg 768w, https:\/\/www.stratumdesign.ch\/wp-content\/uploads\/sites\/5\/2022\/09\/stream-detail-mobile-1-12x12.jpg 12w, https:\/\/www.stratumdesign.ch\/wp-content\/uploads\/sites\/5\/2022\/09\/stream-detail-mobile-1-680x680.jpg 680w, https:\/\/www.stratumdesign.ch\/wp-content\/uploads\/sites\/5\/2022\/09\/stream-detail-mobile-1-100x100.jpg 100w, https:\/\/www.stratumdesign.ch\/wp-content\/uploads\/sites\/5\/2022\/09\/stream-detail-mobile-1.jpg 1080w\" data-sizes=\"(max-width: 1024px) 100vw, 1024px\" src=\"data:image\/svg+xml;base64,PHN2ZyB3aWR0aD0iMSIgaGVpZ2h0PSIxIiB4bWxucz0iaHR0cDovL3d3dy53My5vcmcvMjAwMC9zdmciPjwvc3ZnPg==\" style=\"--smush-placeholder-width: 1024px; --smush-placeholder-aspect-ratio: 1024\/1024;\" \/>\t\t\t\t\t\t\t\t\t\t\t\t\t\t\t<\/div>\n\t\t\t\t<\/div>\n\t\t\t\t<div class=\"elementor-element elementor-element-14c9df8 elementor-widget elementor-widget-heading\" data-id=\"14c9df8\" data-element_type=\"widget\" data-e-type=\"widget\" data-widget_type=\"heading.default\">\n\t\t\t\t<div class=\"elementor-widget-container\">\n\t\t\t\t\t<h2 class=\"elementor-heading-title elementor-size-default\">Commercial <\/h2>\t\t\t\t<\/div>\n\t\t\t\t<\/div>\n\t\t\t\t<div class=\"elementor-element elementor-element-0d1d7b8 elementor-widget elementor-widget-text-editor\" data-id=\"0d1d7b8\" data-element_type=\"widget\" data-e-type=\"widget\" data-widget_type=\"text-editor.default\">\n\t\t\t\t<div class=\"elementor-widget-container\">\n\t\t\t\t\t\t\t\t\t<p>Vous recherchez un design original et accrocheur pour votre restaurant, bar, commerce ou bureau\u00a0? Notre entreprise est sp\u00e9cialis\u00e9e dans la cr\u00e9ation de produits en bois uniques, dynamiques et sculpturaux qui apportent une touche distinctive \u00e0 tout environnement. Passionn\u00e9s de design, nous sommes impatients de nous lancer dans des projets ambitieux et de grande envergure, englobant l&#039;architecture d&#039;int\u00e9rieur, l&#039;am\u00e9nagement de commerces et l&#039;am\u00e9nagement d&#039;espaces de transformation.<\/p><p>Nous sommes parfaitement \u00e9quip\u00e9s et enthousiastes pour relever des d\u00e9fis de design vari\u00e9s et captivants. Nous proposons des services complets, de la conception \u00e0 l&#039;installation, et nous collaborerons \u00e9troitement avec vous pour transformer votre espace en une exp\u00e9rience immersive.<\/p><p>Travaillons ensemble pour faire de votre vision une r\u00e9alit\u00e9 et cr\u00e9er un environnement inoubliable qui laisse une impression durable.<\/p>\t\t\t\t\t\t\t\t<\/div>\n\t\t\t\t<\/div>\n\t\t\t\t<div class=\"elementor-element elementor-element-0317b6f elementor-align-justify elementor-widget elementor-widget-button\" data-id=\"0317b6f\" data-element_type=\"widget\" data-e-type=\"widget\" data-widget_type=\"button.default\">\n\t\t\t\t<div class=\"elementor-widget-container\">\n\t\t\t\t\t\t\t\t\t<div class=\"elementor-button-wrapper\">\n\t\t\t\t\t<a class=\"elementor-button elementor-button-link elementor-size-sm\" href=\"https:\/\/www.stratumdesign.ch\/fr\/contactez\/\">\n\t\t\t\t\t\t<span class=\"elementor-button-content-wrapper\">\n\t\t\t\t\t\t\t\t\t<span class=\"elementor-button-text\">Envoie-nous un message<\/span>\n\t\t\t\t\t<\/span>\n\t\t\t\t\t<\/a>\n\t\t\t\t<\/div>\n\t\t\t\t\t\t\t\t<\/div>\n\t\t\t\t<\/div>\n\t\t\t\t\t<\/div>\n\t\t<\/div>\n\t\t\t\t\t<\/div>\n\t\t<\/section>\n\t\t\t\t<section class=\"elementor-section elementor-top-section elementor-element elementor-element-703fb5c elementor-section-boxed elementor-section-height-default elementor-section-height-default\" data-id=\"703fb5c\" data-element_type=\"section\" data-e-type=\"section\" data-settings=\"{&quot;background_background&quot;:&quot;classic&quot;}\">\n\t\t\t\t\t\t<div class=\"elementor-container elementor-column-gap-default\">\n\t\t\t\t\t<div class=\"elementor-column elementor-col-50 elementor-top-column elementor-element elementor-element-5bcd26a\" data-id=\"5bcd26a\" data-element_type=\"column\" data-e-type=\"column\" data-settings=\"{&quot;background_background&quot;:&quot;classic&quot;}\">\n\t\t\t<div class=\"elementor-widget-wrap elementor-element-populated\">\n\t\t\t\t\t\t<div class=\"elementor-element elementor-element-22f3c648 elementor-position-left elementor-vertical-align-top elementor-widget elementor-widget-image-box\" data-id=\"22f3c648\" data-element_type=\"widget\" data-e-type=\"widget\" data-widget_type=\"image-box.default\">\n\t\t\t\t<div class=\"elementor-widget-container\">\n\t\t\t\t\t<div class=\"elementor-image-box-wrapper\"><figure class=\"elementor-image-box-img\"><img decoding=\"async\" width=\"520\" height=\"520\" data-src=\"https:\/\/www.stratumdesign.ch\/wp-content\/uploads\/sites\/5\/2015\/08\/me-face.jpg\" class=\"attachment-full size-full wp-image-3874 lazyload\" alt=\"\" data-srcset=\"https:\/\/www.stratumdesign.ch\/wp-content\/uploads\/sites\/5\/2015\/08\/me-face.jpg 520w, https:\/\/www.stratumdesign.ch\/wp-content\/uploads\/sites\/5\/2015\/08\/me-face-300x300.jpg 300w, https:\/\/www.stratumdesign.ch\/wp-content\/uploads\/sites\/5\/2015\/08\/me-face-150x150.jpg 150w, https:\/\/www.stratumdesign.ch\/wp-content\/uploads\/sites\/5\/2015\/08\/me-face-12x12.jpg 12w, https:\/\/www.stratumdesign.ch\/wp-content\/uploads\/sites\/5\/2015\/08\/me-face-350x350.jpg 350w, https:\/\/www.stratumdesign.ch\/wp-content\/uploads\/sites\/5\/2015\/08\/me-face-100x100.jpg 100w\" data-sizes=\"(max-width: 520px) 100vw, 520px\" src=\"data:image\/svg+xml;base64,PHN2ZyB3aWR0aD0iMSIgaGVpZ2h0PSIxIiB4bWxucz0iaHR0cDovL3d3dy53My5vcmcvMjAwMC9zdmciPjwvc3ZnPg==\" style=\"--smush-placeholder-width: 520px; --smush-placeholder-aspect-ratio: 520\/520;\" \/><\/figure><div class=\"elementor-image-box-content\"><h3 class=\"elementor-image-box-title\">Rencontrez Brian Overman<\/h3><p class=\"elementor-image-box-description\">Le designer principal de Stratum, qui fusionne avec passion le design de pointe avec des meubles en bois modernes. Originaire de Californie, il insuffle une nouvelle vie \u00e0 l&#039;industrie suisse du meuble avec un flair unique.<\/p><\/div><\/div>\t\t\t\t<\/div>\n\t\t\t\t<\/div>\n\t\t\t\t\t<\/div>\n\t\t<\/div>\n\t\t\t\t<div class=\"elementor-column elementor-col-50 elementor-top-column elementor-element elementor-element-b251292\" data-id=\"b251292\" data-element_type=\"column\" data-e-type=\"column\" data-settings=\"{&quot;background_background&quot;:&quot;classic&quot;}\">\n\t\t\t<div class=\"elementor-widget-wrap elementor-element-populated\">\n\t\t\t\t\t\t<div class=\"elementor-element elementor-element-5142e033 elementor-widget elementor-widget-heading\" data-id=\"5142e033\" data-element_type=\"widget\" data-e-type=\"widget\" data-widget_type=\"heading.default\">\n\t\t\t\t<div class=\"elementor-widget-container\">\n\t\t\t\t\t<h2 class=\"elementor-heading-title elementor-size-default\">Co-cr\u00e9ons ensemble des meubles uniques\u00a0!<\/h2>\t\t\t\t<\/div>\n\t\t\t\t<\/div>\n\t\t\t\t<div class=\"elementor-element elementor-element-77b90e52 elementor-widget elementor-widget-text-editor\" data-id=\"77b90e52\" data-element_type=\"widget\" data-e-type=\"widget\" data-widget_type=\"text-editor.default\">\n\t\t\t\t<div class=\"elementor-widget-container\">\n\t\t\t\t\t\t\t\t\t<p>J&#039;ai h\u00e2te de vous rencontrer et de discuter de design de mobilier ! Prenez rendez-vous d\u00e8s aujourd&#039;hui pour une consultation de 15 minutes afin d&#039;explorer vos options. Que vous soyez int\u00e9ress\u00e9 par l&#039;un de nos produits phares, que vous souhaitiez personnaliser une pi\u00e8ce ou que vous envisagiez une collaboration unique, je suis l\u00e0 pour vous accompagner et donner vie \u00e0 vos id\u00e9es !<\/p>\t\t\t\t\t\t\t\t<\/div>\n\t\t\t\t<\/div>\n\t\t\t\t<div class=\"elementor-element elementor-element-51f04a05 elementor-widget__width-inherit elementor-widget elementor-widget-html\" data-id=\"51f04a05\" data-element_type=\"widget\" data-e-type=\"widget\" data-widget_type=\"html.default\">\n\t\t\t\t<div class=\"elementor-widget-container\">\n\t\t\t\t\t<!-- Calendly link widget begin -->\n<link href=\"https:\/\/assets.calendly.com\/assets\/external\/widget.css\" rel=\"stylesheet\">\n<script src=\"https:\/\/assets.calendly.com\/assets\/external\/widget.js\" type=\"text\/javascript\" async><\/script>\n<style>\n    .custum-button-schedule {\n        background-color: white;\n        color: black;\n        margin: 10px;\n    }\n        .custum-button-schedule:hover {\n        color: black;\n    }\n    \n<\/style>\n<a class=\"custum-button-schedule elementor-button-link button elementor-size-sm\" href=\"\" onclick=\"Calendly.initPopupWidget({url: 'https:\/\/calendly.com\/brian-stratum-design\/stratum-design-consultation'});return false;\">Planifier un rendez-vous aujourd&#039;hui<\/a>\n<!-- Calendly link widget end -->\t\t\t\t<\/div>\n\t\t\t\t<\/div>\n\t\t\t\t\t<\/div>\n\t\t<\/div>\n\t\t\t\t\t<\/div>\n\t\t<\/section>\n\t\t\t\t<\/div>","protected":false},"excerpt":{"rendered":"<p>How to customize with us Personalized Our products offer unparalleled customization options\u00a0utilizing our user-friendly, web-based &#8216;Stratum Designer&#8217; software.\u00a0Click &#8216;personalize&#8217; on any product page or go straight to the designer to start creating your unique masterpiece. If you need assistance, we&#8217;re here to guide you through the process, ensuring you get the most out of Stratum &hellip;<\/p>","protected":false},"author":2,"featured_media":0,"parent":0,"menu_order":0,"comment_status":"closed","ping_status":"closed","template":"","meta":{"rs_blank_template":"","rs_page_bg_color":"","slide_template_v7":"","footnotes":""},"class_list":["post-4591","page","type-page","status-publish","hentry"],"_links":{"self":[{"href":"https:\/\/www.stratumdesign.ch\/fr\/wp-json\/wp\/v2\/pages\/4591","targetHints":{"allow":["GET"]}}],"collection":[{"href":"https:\/\/www.stratumdesign.ch\/fr\/wp-json\/wp\/v2\/pages"}],"about":[{"href":"https:\/\/www.stratumdesign.ch\/fr\/wp-json\/wp\/v2\/types\/page"}],"author":[{"embeddable":true,"href":"https:\/\/www.stratumdesign.ch\/fr\/wp-json\/wp\/v2\/users\/2"}],"replies":[{"embeddable":true,"href":"https:\/\/www.stratumdesign.ch\/fr\/wp-json\/wp\/v2\/comments?post=4591"}],"version-history":[{"count":0,"href":"https:\/\/www.stratumdesign.ch\/fr\/wp-json\/wp\/v2\/pages\/4591\/revisions"}],"wp:attachment":[{"href":"https:\/\/www.stratumdesign.ch\/fr\/wp-json\/wp\/v2\/media?parent=4591"}],"curies":[{"name":"wp","href":"https:\/\/api.w.org\/{rel}","templated":true}]}}