{"id":5632,"date":"2025-01-07T12:16:25","date_gmt":"2025-01-07T12:16:25","guid":{"rendered":"https:\/\/www.stratumdesign.ch\/?post_type=product&#038;p=5632"},"modified":"2026-02-19T13:33:43","modified_gmt":"2026-02-19T13:33:43","slug":"sammlung-2","status":"publish","type":"product","link":"https:\/\/www.stratumdesign.ch\/de\/shop\/eclipse\/collection-2\/","title":{"rendered":"Stehlampe"},"content":{"rendered":"<p>Die ECLIPSE-Leuchte vereint Licht, Schatten und skulpturale Eleganz und ist vom himmlischen Tanz einer Sonnenfinsternis inspiriert. Ihre organische Form f\u00e4ngt den Moment der partiellen Beleuchtung ein, in dem Dunkelheit und Licht in perfekter Balance koexistieren. Entworfen, um eine dramatische und zugleich beruhigende Atmosph\u00e4re zu schaffen, verwandelt dieses Leuchtmittel jeden Raum mit seinem warmen Licht und seinen flie\u00dfenden Konturen.<\/p>\n<p>Die Lampe ist stufenlos dimmbar, sodass Sie Helligkeit und Farbtemperatur individuell anpassen und die perfekte Atmosph\u00e4re schaffen k\u00f6nnen. Wie bei all unseren Designs empfehlen wir Ihnen, auch dieses Modell an die ideale Gr\u00f6\u00dfe f\u00fcr Ihren Raum anzupassen \u2013 damit Eclipse nicht nur eine Lampe, sondern ein ganz pers\u00f6nliches Stilelement ist.<\/p>","protected":false},"excerpt":{"rendered":"<p>Ein skulpturales Zusammenspiel aus Licht und Schatten, inspiriert von der Bewegung des Himmels.<\/p>","protected":false},"featured_media":6119,"comment_status":"open","ping_status":"closed","template":"","meta":{"rs_blank_template":"","rs_page_bg_color":"","slide_template_v7":"","wds_primary_product_brand":0,"wds_primary_product_cat":84},"product_brand":[],"product_cat":[84,83],"product_tag":[],"class_list":{"0":"post-5632","1":"product","2":"type-product","3":"status-publish","4":"has-post-thumbnail","6":"product_cat-eclipse","7":"product_cat-lamps","9":"first","10":"instock","11":"featured","12":"taxable","13":"shipping-taxable","14":"purchasable","15":"product-type-simple"},"_links":{"self":[{"href":"https:\/\/www.stratumdesign.ch\/de\/wp-json\/wp\/v2\/product\/5632","targetHints":{"allow":["GET"]}}],"collection":[{"href":"https:\/\/www.stratumdesign.ch\/de\/wp-json\/wp\/v2\/product"}],"about":[{"href":"https:\/\/www.stratumdesign.ch\/de\/wp-json\/wp\/v2\/types\/product"}],"replies":[{"embeddable":true,"href":"https:\/\/www.stratumdesign.ch\/de\/wp-json\/wp\/v2\/comments?post=5632"}],"version-history":[{"count":2,"href":"https:\/\/www.stratumdesign.ch\/de\/wp-json\/wp\/v2\/product\/5632\/revisions"}],"predecessor-version":[{"id":7766,"href":"https:\/\/www.stratumdesign.ch\/de\/wp-json\/wp\/v2\/product\/5632\/revisions\/7766"}],"wp:featuredmedia":[{"embeddable":true,"href":"https:\/\/www.stratumdesign.ch\/de\/wp-json\/wp\/v2\/media\/6119"}],"wp:attachment":[{"href":"https:\/\/www.stratumdesign.ch\/de\/wp-json\/wp\/v2\/media?parent=5632"}],"wp:term":[{"taxonomy":"product_brand","embeddable":true,"href":"https:\/\/www.stratumdesign.ch\/de\/wp-json\/wp\/v2\/product_brand?post=5632"},{"taxonomy":"product_cat","embeddable":true,"href":"https:\/\/www.stratumdesign.ch\/de\/wp-json\/wp\/v2\/product_cat?post=5632"},{"taxonomy":"product_tag","embeddable":true,"href":"https:\/\/www.stratumdesign.ch\/de\/wp-json\/wp\/v2\/product_tag?post=5632"}],"curies":[{"name":"wp","href":"https:\/\/api.w.org\/{rel}","templated":true}]}}