{"id":8009,"date":"2025-06-02T10:56:01","date_gmt":"2025-06-02T10:56:01","guid":{"rendered":"https:\/\/www.stratumdesign.ch\/?page_id=8009"},"modified":"2025-06-02T11:01:09","modified_gmt":"2025-06-02T11:01:09","slug":"datenschutzrichtlinie","status":"publish","type":"page","link":"https:\/\/www.stratumdesign.ch\/de\/privacy-policy\/","title":{"rendered":"Datenschutz-Bestimmungen"},"content":{"rendered":"<div data-elementor-type=\"wp-page\" data-elementor-id=\"8009\" class=\"elementor elementor-8009\" data-elementor-post-type=\"page\">\n\t\t\t\t\t\t<section class=\"elementor-section elementor-top-section elementor-element elementor-element-56a8cb42 elementor-section-boxed elementor-section-height-default elementor-section-height-default\" data-id=\"56a8cb42\" data-element_type=\"section\" data-e-type=\"section\">\n\t\t\t\t\t\t<div class=\"elementor-container elementor-column-gap-extended\">\n\t\t\t\t\t<div class=\"elementor-column elementor-col-50 elementor-top-column elementor-element elementor-element-7ade651f\" data-id=\"7ade651f\" data-element_type=\"column\" data-e-type=\"column\">\n\t\t\t<div class=\"elementor-widget-wrap elementor-element-populated\">\n\t\t\t\t\t\t<div class=\"elementor-element elementor-element-69034f21 elementor-widget elementor-widget-heading\" data-id=\"69034f21\" data-element_type=\"widget\" data-e-type=\"widget\" data-widget_type=\"heading.default\">\n\t\t\t\t<div class=\"elementor-widget-container\">\n\t\t\t\t\t<h4 class=\"elementor-heading-title elementor-size-default\">Stratum \u2013 Datenschutzrichtlinie<\/h4>\t\t\t\t<\/div>\n\t\t\t\t<\/div>\n\t\t\t\t<div class=\"elementor-element elementor-element-4a192d23 elementor-widget elementor-widget-text-editor\" data-id=\"4a192d23\" data-element_type=\"widget\" data-e-type=\"widget\" data-widget_type=\"text-editor.default\">\n\t\t\t\t<div class=\"elementor-widget-container\">\n\t\t\t\t\t\t\t\t\t<p>Zuletzt aktualisiert: 2. Juni 2025<\/p><p>Stratum verpflichtet sich zum Schutz Ihrer Privatsph\u00e4re. Diese Richtlinie beschreibt, welche personenbezogenen Daten wir erheben und wie wir sie verwenden.<\/p>\t\t\t\t\t\t\t\t<\/div>\n\t\t\t\t<\/div>\n\t\t\t\t\t<\/div>\n\t\t<\/div>\n\t\t\t\t<div class=\"elementor-column elementor-col-50 elementor-top-column elementor-element elementor-element-4df6299b\" data-id=\"4df6299b\" data-element_type=\"column\" data-e-type=\"column\">\n\t\t\t<div class=\"elementor-widget-wrap elementor-element-populated\">\n\t\t\t\t\t\t<div class=\"elementor-element elementor-element-1975f5df elementor-widget elementor-widget-heading\" data-id=\"1975f5df\" data-element_type=\"widget\" data-e-type=\"widget\" data-widget_type=\"heading.default\">\n\t\t\t\t<div class=\"elementor-widget-container\">\n\t\t\t\t\t<h6 class=\"elementor-heading-title elementor-size-default\">1. Von uns erfasste Informationen\n<\/h6>\t\t\t\t<\/div>\n\t\t\t\t<\/div>\n\t\t\t\t<div class=\"elementor-element elementor-element-75d59a2d elementor-widget elementor-widget-text-editor\" data-id=\"75d59a2d\" data-element_type=\"widget\" data-e-type=\"widget\" data-widget_type=\"text-editor.default\">\n\t\t\t\t<div class=\"elementor-widget-container\">\n\t\t\t\t\t\t\t\t\t<p data-start=\"427\" data-end=\"532\">Wenn Sie unsere Website besuchen, eine Bestellung aufgeben oder Kontakt mit uns aufnehmen, erfassen wir m\u00f6glicherweise:<br data-start=\"2338\" data-end=\"2341\" \/>\u2013 Ihr Name, Ihre E-Mail-Adresse, Telefonnummer und Liefer-\/Rechnungsadresse<br data-start=\"2411\" data-end=\"2414\" \/>\u2013 Zahlungsdaten (sicher verarbeitet \u00fcber Drittanbieter)<br data-start=\"2478\" data-end=\"2481\" \/>\u2013 Kommunikationsprotokolle und Designpr\u00e4ferenzen<br data-start=\"2527\" data-end=\"2530\" \/>\u2013 Website-Nutzungsdaten (\u00fcber Analysetools)<\/p>\t\t\t\t\t\t\t\t<\/div>\n\t\t\t\t<\/div>\n\t\t\t\t<div class=\"elementor-element elementor-element-faefb90 elementor-widget elementor-widget-spacer\" data-id=\"faefb90\" data-element_type=\"widget\" data-e-type=\"widget\" data-widget_type=\"spacer.default\">\n\t\t\t\t<div class=\"elementor-widget-container\">\n\t\t\t\t\t\t\t<div class=\"elementor-spacer\">\n\t\t\t<div class=\"elementor-spacer-inner\"><\/div>\n\t\t<\/div>\n\t\t\t\t\t\t<\/div>\n\t\t\t\t<\/div>\n\t\t\t\t<div class=\"elementor-element elementor-element-52c822aa elementor-widget elementor-widget-heading\" data-id=\"52c822aa\" data-element_type=\"widget\" data-e-type=\"widget\" data-widget_type=\"heading.default\">\n\t\t\t\t<div class=\"elementor-widget-container\">\n\t\t\t\t\t<h6 class=\"elementor-heading-title elementor-size-default\">2. Wie wir Ihre Daten verwenden\n\n<\/h6>\t\t\t\t<\/div>\n\t\t\t\t<\/div>\n\t\t\t\t<div class=\"elementor-element elementor-element-477f1870 elementor-widget elementor-widget-text-editor\" data-id=\"477f1870\" data-element_type=\"widget\" data-e-type=\"widget\" data-widget_type=\"text-editor.default\">\n\t\t\t\t<div class=\"elementor-widget-container\">\n\t\t\t\t\t\t\t\t\t<p>Wir verwenden Ihre Informationen, um:<br data-start=\"2642\" data-end=\"2645\" \/>\u2013 Bestellungen bearbeiten und ausf\u00fchren<br data-start=\"2673\" data-end=\"2676\" \/>\u2013 Kommunizieren Sie mit Ihnen \u00fcber Ihr Projekt<br data-start=\"2717\" data-end=\"2720\" \/>\u2013 Senden Sie Bestellaktualisierungen und Werbe-E-Mails (wenn Sie sich daf\u00fcr entscheiden)<br data-start=\"2779\" data-end=\"2782\" \/>\u2013 Verbesserung unserer Website und des Kundenerlebnisses<\/p>\t\t\t\t\t\t\t\t<\/div>\n\t\t\t\t<\/div>\n\t\t\t\t<div class=\"elementor-element elementor-element-13a4c7b4 elementor-widget elementor-widget-spacer\" data-id=\"13a4c7b4\" data-element_type=\"widget\" data-e-type=\"widget\" data-widget_type=\"spacer.default\">\n\t\t\t\t<div class=\"elementor-widget-container\">\n\t\t\t\t\t\t\t<div class=\"elementor-spacer\">\n\t\t\t<div class=\"elementor-spacer-inner\"><\/div>\n\t\t<\/div>\n\t\t\t\t\t\t<\/div>\n\t\t\t\t<\/div>\n\t\t\t\t<div class=\"elementor-element elementor-element-7615555b elementor-widget elementor-widget-heading\" data-id=\"7615555b\" data-element_type=\"widget\" data-e-type=\"widget\" data-widget_type=\"heading.default\">\n\t\t\t\t<div class=\"elementor-widget-container\">\n\t\t\t\t\t<h6 class=\"elementor-heading-title elementor-size-default\">3. Datenspeicherung und Sicherheit\n\n<\/h6>\t\t\t\t<\/div>\n\t\t\t\t<\/div>\n\t\t\t\t<div class=\"elementor-element elementor-element-7b537e4c elementor-widget elementor-widget-text-editor\" data-id=\"7b537e4c\" data-element_type=\"widget\" data-e-type=\"widget\" data-widget_type=\"text-editor.default\">\n\t\t\t\t<div class=\"elementor-widget-container\">\n\t\t\t\t\t\t\t\t\t<p>Wir speichern Ihre Daten sicher und ergreifen geeignete Ma\u00dfnahmen, um sie zu sch\u00fctzen. Zahlungen werden von vertrauensw\u00fcrdigen Drittanbietern wie Stripe oder PayPal abgewickelt.<\/p>\t\t\t\t\t\t\t\t<\/div>\n\t\t\t\t<\/div>\n\t\t\t\t<div class=\"elementor-element elementor-element-3346a13a elementor-widget elementor-widget-spacer\" data-id=\"3346a13a\" data-element_type=\"widget\" data-e-type=\"widget\" data-widget_type=\"spacer.default\">\n\t\t\t\t<div class=\"elementor-widget-container\">\n\t\t\t\t\t\t\t<div class=\"elementor-spacer\">\n\t\t\t<div class=\"elementor-spacer-inner\"><\/div>\n\t\t<\/div>\n\t\t\t\t\t\t<\/div>\n\t\t\t\t<\/div>\n\t\t\t\t<div class=\"elementor-element elementor-element-67a99929 elementor-widget elementor-widget-heading\" data-id=\"67a99929\" data-element_type=\"widget\" data-e-type=\"widget\" data-widget_type=\"heading.default\">\n\t\t\t\t<div class=\"elementor-widget-container\">\n\t\t\t\t\t<h6 class=\"elementor-heading-title elementor-size-default\">4. Weitergabe Ihrer Daten\n\n\n<\/h6>\t\t\t\t<\/div>\n\t\t\t\t<\/div>\n\t\t\t\t<div class=\"elementor-element elementor-element-c220944 elementor-widget elementor-widget-text-editor\" data-id=\"c220944\" data-element_type=\"widget\" data-e-type=\"widget\" data-widget_type=\"text-editor.default\">\n\t\t\t\t<div class=\"elementor-widget-container\">\n\t\t\t\t\t\t\t\t\t<p>Wir verkaufen Ihre Daten niemals. Wir geben sie nur an Dienstleister weiter, die f\u00fcr die Erf\u00fcllung Ihrer Bestellung erforderlich sind (z. B. Versandunternehmen oder Zahlungsabwickler).<\/p>\t\t\t\t\t\t\t\t<\/div>\n\t\t\t\t<\/div>\n\t\t\t\t<div class=\"elementor-element elementor-element-a7f2d04 elementor-widget elementor-widget-spacer\" data-id=\"a7f2d04\" data-element_type=\"widget\" data-e-type=\"widget\" data-widget_type=\"spacer.default\">\n\t\t\t\t<div class=\"elementor-widget-container\">\n\t\t\t\t\t\t\t<div class=\"elementor-spacer\">\n\t\t\t<div class=\"elementor-spacer-inner\"><\/div>\n\t\t<\/div>\n\t\t\t\t\t\t<\/div>\n\t\t\t\t<\/div>\n\t\t\t\t<div class=\"elementor-element elementor-element-3754975b elementor-widget elementor-widget-heading\" data-id=\"3754975b\" data-element_type=\"widget\" data-e-type=\"widget\" data-widget_type=\"heading.default\">\n\t\t\t\t<div class=\"elementor-widget-container\">\n\t\t\t\t\t<h6 class=\"elementor-heading-title elementor-size-default\">5. Ihre Rechte\n\n\n<\/h6>\t\t\t\t<\/div>\n\t\t\t\t<\/div>\n\t\t\t\t<div class=\"elementor-element elementor-element-195228f8 elementor-widget elementor-widget-text-editor\" data-id=\"195228f8\" data-element_type=\"widget\" data-e-type=\"widget\" data-widget_type=\"text-editor.default\">\n\t\t\t\t<div class=\"elementor-widget-container\">\n\t\t\t\t\t\t\t\t\t<p>Sie haben das Recht auf Auskunft, Berichtigung und L\u00f6schung Ihrer personenbezogenen Daten. F\u00fcr Anfragen kontaktieren Sie uns bitte unter info@stratumbespoke.com. Stratum haftet nicht f\u00fcr Verz\u00f6gerungen oder zus\u00e4tzliche Kosten durch Zollabfertigung.<\/p>\t\t\t\t\t\t\t\t<\/div>\n\t\t\t\t<\/div>\n\t\t\t\t<div class=\"elementor-element elementor-element-6be1a6e0 elementor-widget elementor-widget-spacer\" data-id=\"6be1a6e0\" data-element_type=\"widget\" data-e-type=\"widget\" data-widget_type=\"spacer.default\">\n\t\t\t\t<div class=\"elementor-widget-container\">\n\t\t\t\t\t\t\t<div class=\"elementor-spacer\">\n\t\t\t<div class=\"elementor-spacer-inner\"><\/div>\n\t\t<\/div>\n\t\t\t\t\t\t<\/div>\n\t\t\t\t<\/div>\n\t\t\t\t<div class=\"elementor-element elementor-element-2c5ac16a elementor-widget elementor-widget-heading\" data-id=\"2c5ac16a\" data-element_type=\"widget\" data-e-type=\"widget\" data-widget_type=\"heading.default\">\n\t\t\t\t<div class=\"elementor-widget-container\">\n\t\t\t\t\t<h6 class=\"elementor-heading-title elementor-size-default\">6. Cookies\n\n\n<\/h6>\t\t\t\t<\/div>\n\t\t\t\t<\/div>\n\t\t\t\t<div class=\"elementor-element elementor-element-212bd10f elementor-widget elementor-widget-text-editor\" data-id=\"212bd10f\" data-element_type=\"widget\" data-e-type=\"widget\" data-widget_type=\"text-editor.default\">\n\t\t\t\t<div class=\"elementor-widget-container\">\n\t\t\t\t\t\t\t\t\t<p>Um unsere Website optimal gestalten und fortlaufend verbessern zu k\u00f6nnen, verwenden wir Cookies. Sie k\u00f6nnen die Cookie-Einstellungen in Ihren Browsereinstellungen verwalten.<\/p>\t\t\t\t\t\t\t\t<\/div>\n\t\t\t\t<\/div>\n\t\t\t\t<div class=\"elementor-element elementor-element-44d764b3 elementor-widget elementor-widget-spacer\" data-id=\"44d764b3\" data-element_type=\"widget\" data-e-type=\"widget\" data-widget_type=\"spacer.default\">\n\t\t\t\t<div class=\"elementor-widget-container\">\n\t\t\t\t\t\t\t<div class=\"elementor-spacer\">\n\t\t\t<div class=\"elementor-spacer-inner\"><\/div>\n\t\t<\/div>\n\t\t\t\t\t\t<\/div>\n\t\t\t\t<\/div>\n\t\t\t\t<div class=\"elementor-element elementor-element-3a9fc343 elementor-widget elementor-widget-heading\" data-id=\"3a9fc343\" data-element_type=\"widget\" data-e-type=\"widget\" data-widget_type=\"heading.default\">\n\t\t\t\t<div class=\"elementor-widget-container\">\n\t\t\t\t\t<h6 class=\"elementor-heading-title elementor-size-default\">7. Kontakt\n\n<\/h6>\t\t\t\t<\/div>\n\t\t\t\t<\/div>\n\t\t\t\t<div class=\"elementor-element elementor-element-7e7174be elementor-widget elementor-widget-text-editor\" data-id=\"7e7174be\" data-element_type=\"widget\" data-e-type=\"widget\" data-widget_type=\"text-editor.default\">\n\t\t\t\t<div class=\"elementor-widget-container\">\n\t\t\t\t\t\t\t\t\t<p>Wenn Sie Fragen zu dieser Richtlinie haben, senden Sie uns eine E-Mail an info@stratumbespoke.com<\/p>\t\t\t\t\t\t\t\t<\/div>\n\t\t\t\t<\/div>\n\t\t\t\t<div class=\"elementor-element elementor-element-547bfba6 elementor-widget elementor-widget-spacer\" data-id=\"547bfba6\" data-element_type=\"widget\" data-e-type=\"widget\" data-widget_type=\"spacer.default\">\n\t\t\t\t<div class=\"elementor-widget-container\">\n\t\t\t\t\t\t\t<div class=\"elementor-spacer\">\n\t\t\t<div class=\"elementor-spacer-inner\"><\/div>\n\t\t<\/div>\n\t\t\t\t\t\t<\/div>\n\t\t\t\t<\/div>\n\t\t\t\t<div class=\"elementor-element elementor-element-3d258e1a elementor-widget elementor-widget-spacer\" data-id=\"3d258e1a\" data-element_type=\"widget\" data-e-type=\"widget\" data-widget_type=\"spacer.default\">\n\t\t\t\t<div class=\"elementor-widget-container\">\n\t\t\t\t\t\t\t<div class=\"elementor-spacer\">\n\t\t\t<div class=\"elementor-spacer-inner\"><\/div>\n\t\t<\/div>\n\t\t\t\t\t\t<\/div>\n\t\t\t\t<\/div>\n\t\t\t\t\t<\/div>\n\t\t<\/div>\n\t\t\t\t\t<\/div>\n\t\t<\/section>\n\t\t\t\t<\/div>","protected":false},"excerpt":{"rendered":"<p>Stratum \u2013 Privacy Policy Last updated: June 2nd, 2025 Stratum is committed to protecting your privacy. This policy outlines what personal information we collect and how we use it. 1. Information We Collect When you visit our site, place an order, or contact us, we may collect:\u2013 Your name, email address, phone number, and shipping\/billing &hellip;<\/p>","protected":false},"author":2,"featured_media":0,"parent":0,"menu_order":0,"comment_status":"closed","ping_status":"closed","template":"","meta":{"rs_blank_template":"","rs_page_bg_color":"","slide_template_v7":"","footnotes":""},"class_list":["post-8009","page","type-page","status-publish","hentry"],"_links":{"self":[{"href":"https:\/\/www.stratumdesign.ch\/de\/wp-json\/wp\/v2\/pages\/8009","targetHints":{"allow":["GET"]}}],"collection":[{"href":"https:\/\/www.stratumdesign.ch\/de\/wp-json\/wp\/v2\/pages"}],"about":[{"href":"https:\/\/www.stratumdesign.ch\/de\/wp-json\/wp\/v2\/types\/page"}],"author":[{"embeddable":true,"href":"https:\/\/www.stratumdesign.ch\/de\/wp-json\/wp\/v2\/users\/2"}],"replies":[{"embeddable":true,"href":"https:\/\/www.stratumdesign.ch\/de\/wp-json\/wp\/v2\/comments?post=8009"}],"version-history":[{"count":4,"href":"https:\/\/www.stratumdesign.ch\/de\/wp-json\/wp\/v2\/pages\/8009\/revisions"}],"predecessor-version":[{"id":8016,"href":"https:\/\/www.stratumdesign.ch\/de\/wp-json\/wp\/v2\/pages\/8009\/revisions\/8016"}],"wp:attachment":[{"href":"https:\/\/www.stratumdesign.ch\/de\/wp-json\/wp\/v2\/media?parent=8009"}],"curies":[{"name":"wp","href":"https:\/\/api.w.org\/{rel}","templated":true}]}}