{"id":8,"date":"2022-09-23T12:19:20","date_gmt":"2022-09-23T12:19:20","guid":{"rendered":"https:\/\/www.stratumdesign.ch\/cart\/"},"modified":"2025-05-26T16:29:23","modified_gmt":"2025-05-26T16:29:23","slug":"wagen","status":"publish","type":"page","link":"https:\/\/www.stratumdesign.ch\/de\/cart\/","title":{"rendered":"Wagen"},"content":{"rendered":"<div data-elementor-type=\"wp-page\" data-elementor-id=\"8\" class=\"elementor elementor-8\" data-elementor-post-type=\"page\">\n\t\t\t\t\t\t<section class=\"elementor-section elementor-top-section elementor-element elementor-element-51abf45c elementor-section-boxed elementor-section-height-default elementor-section-height-default\" data-id=\"51abf45c\" data-element_type=\"section\" data-e-type=\"section\" data-settings=\"{&quot;background_background&quot;:&quot;gradient&quot;}\">\n\t\t\t\t\t\t<div class=\"elementor-container elementor-column-gap-default\">\n\t\t\t\t\t<div class=\"elementor-column elementor-col-100 elementor-top-column elementor-element elementor-element-22221c33\" data-id=\"22221c33\" data-element_type=\"column\" data-e-type=\"column\">\n\t\t\t<div class=\"elementor-widget-wrap elementor-element-populated\">\n\t\t\t\t\t\t<section class=\"elementor-section elementor-inner-section elementor-element elementor-element-3bb912a elementor-section-boxed elementor-section-height-default elementor-section-height-default\" data-id=\"3bb912a\" data-element_type=\"section\" data-e-type=\"section\">\n\t\t\t\t\t\t<div class=\"elementor-container elementor-column-gap-default\">\n\t\t\t\t\t<div class=\"elementor-column elementor-col-100 elementor-inner-column elementor-element elementor-element-523303f\" data-id=\"523303f\" data-element_type=\"column\" data-e-type=\"column\">\n\t\t\t<div class=\"elementor-widget-wrap\">\n\t\t\t\t\t\t\t<\/div>\n\t\t<\/div>\n\t\t\t\t\t<\/div>\n\t\t<\/section>\n\t\t\t\t<div class=\"elementor-element elementor-element-d256e02 elementor-widget elementor-widget-heading\" data-id=\"d256e02\" data-element_type=\"widget\" data-e-type=\"widget\" data-widget_type=\"heading.default\">\n\t\t\t\t<div class=\"elementor-widget-container\">\n\t\t\t\t\t<h1 class=\"elementor-heading-title elementor-size-default\">Ihre Reise zu einem Signature-Stratum-St\u00fcck beginnt hier!<\/h1>\t\t\t\t<\/div>\n\t\t\t\t<\/div>\n\t\t\t\t<div class=\"elementor-element elementor-element-4b875f9 elementor-widget elementor-widget-text-editor\" data-id=\"4b875f9\" data-element_type=\"widget\" data-e-type=\"widget\" data-widget_type=\"text-editor.default\">\n\t\t\t\t<div class=\"elementor-widget-container\">\n\t\t\t\t\t\t\t\t\t<p><span style=\"white-space: pre-wrap;\">Bei Stratum sind wir auf individuelle, funktionale Kunstwerke spezialisiert. Im Laufe der Zeit haben sich jedoch einige Designs herauskristallisiert \u2013 St\u00fccke, die wir verfeinert, getestet und immer wieder neu aufgegriffen haben. Wir nennen diese unsere <strong>Signatur-Designs!<\/strong><\/span><\/p>\n<p><strong>Wir lieben diese St\u00fccke \u2014<\/strong> Sie wurden durch praktische Erfahrung verfeinert und sind aufgrund ihrer Proportionen, ihres Flusses und ihrer Pr\u00e4senz bew\u00e4hrt. Sie sind bew\u00e4hrt und ein guter Ausgangspunkt \u2013 Sie k\u00f6nnen wirklich nichts falsch machen.\u00a0<span style=\"background-color: transparent; font-weight: 900;\">Jedes St\u00fcck wird auf Bestellung mit einer Vorlaufzeit von 6\u20138 Wochen gefertigt.<\/span><\/p>\n<p>Nach Ihrer Bestellung vereinbaren wir einen pers\u00f6nlichen Videoanruf, um alle Details vor Produktionsbeginn zu besprechen. Wir legen Wert auf ein intensives, kollaboratives Erlebnis und den Aufbau echter Beziehungen zu jedem unserer Kunden. <strong>Und wir fragen Sie vor Produktionsbeginn immer, ob Sie etwas personalisieren m\u00f6chten.\u00a0<\/strong><\/p>\t\t\t\t\t\t\t\t<\/div>\n\t\t\t\t<\/div>\n\t\t\t\t<section class=\"elementor-section elementor-inner-section elementor-element elementor-element-6776d1a elementor-section-boxed elementor-section-height-default elementor-section-height-default\" data-id=\"6776d1a\" data-element_type=\"section\" data-e-type=\"section\">\n\t\t\t\t\t\t<div class=\"elementor-container elementor-column-gap-default\">\n\t\t\t\t\t<div class=\"elementor-column elementor-col-100 elementor-inner-column elementor-element elementor-element-cec6902\" data-id=\"cec6902\" data-element_type=\"column\" data-e-type=\"column\">\n\t\t\t<div class=\"elementor-widget-wrap elementor-element-populated\">\n\t\t\t\t\t\t<div class=\"elementor-element elementor-element-c6e8b69 elementor-widget elementor-widget-text-editor\" data-id=\"c6e8b69\" data-element_type=\"widget\" data-e-type=\"widget\" data-widget_type=\"text-editor.default\">\n\t\t\t\t<div class=\"elementor-widget-container\">\n\t\t\t\t\t\t\t\t\t<\/p>\n\t\t\t\t\t\t\t\t<\/div>\n\t\t\t\t<\/div>\n\t\t\t\t\t<\/div>\n\t\t<\/div>\n\t\t\t\t\t<\/div>\n\t\t<\/section>\n\t\t\t\t<section class=\"elementor-section elementor-inner-section elementor-element elementor-element-6dca653 elementor-section-full_width elementor-section-height-default elementor-section-height-default\" data-id=\"6dca653\" data-element_type=\"section\" data-e-type=\"section\">\n\t\t\t\t\t\t<div class=\"elementor-container elementor-column-gap-default\">\n\t\t\t\t\t<div class=\"elementor-column elementor-col-100 elementor-inner-column elementor-element elementor-element-5d1271b\" data-id=\"5d1271b\" data-element_type=\"column\" data-e-type=\"column\">\n\t\t\t<div class=\"elementor-widget-wrap elementor-element-populated\">\n\t\t\t\t\t\t<div class=\"elementor-element elementor-element-c42d974 elementor-widget elementor-widget-text-editor\" data-id=\"c42d974\" data-element_type=\"widget\" data-e-type=\"widget\" data-widget_type=\"text-editor.default\">\n\t\t\t\t<div class=\"elementor-widget-container\">\n\t\t\t\t\t\t\t\t\t<p><span style=\"white-space: pre-wrap;\"><strong>Bitte beachten Sie:<\/strong> <\/span><\/p>\n<p>Unsere St\u00fccke sind weltweit versandfertig. Die Versandkosten werden nach Kaufabschluss berechnet. Gerne k\u00f6nnen Sie direkt bei uns nachfragen, um ein Versandangebot zu erhalten.<\/p>\n<p>Der direkte Checkout ist nur f\u00fcr einige unserer Signature-Designs verf\u00fcgbar. Diese Designs werden standardm\u00e4\u00dfig auf jeder Produktseite im Stratum Digital Studio in 3D angezeigt. Die Abbildungen auf den Produktseiten k\u00f6nnen vom Signature-Design abweichen.<\/p>\n<p>Anpassungsw\u00fcnsche: Wenn Sie spezielle W\u00fcnsche oder Design\u00e4nderungen haben, die Sie vor Ihrer Bestellung besprechen m\u00f6chten, arbeiten wir gerne mit Ihnen an der Anpassung. Kontaktieren Sie uns direkt f\u00fcr weitere Informationen, wie wir Ihr St\u00fcck individuell gestalten k\u00f6nnen.<\/p>\n<p>Liefer- und Installationsservices: F\u00fcr ein reibungsloses Erlebnis bieten wir in ausgew\u00e4hlten Regionen Liefer- und Installationsservices an. Kontaktieren Sie uns f\u00fcr weitere Informationen und zur Best\u00e4tigung der Verf\u00fcgbarkeit.<\/p>\t\t\t\t\t\t\t\t<\/div>\n\t\t\t\t<\/div>\n\t\t\t\t\t<\/div>\n\t\t<\/div>\n\t\t\t\t\t<\/div>\n\t\t<\/section>\n\t\t\t\t\t<\/div>\n\t\t<\/div>\n\t\t\t\t\t<\/div>\n\t\t<\/section>\n\t\t\t\t<\/div>","protected":false},"excerpt":{"rendered":"<p>Your Journey to a Signature Stratum piece begins here! At Stratum, we specialize in custom pieces of functional artwork. But over time, a few designs have stood out \u2014 pieces we\u2019ve refined, tested, and returned to again and again. We call these our signature designs! We love these pieces \u2014 they\u2019ve been refined through hands-on &hellip;<\/p>","protected":false},"author":1,"featured_media":0,"parent":0,"menu_order":0,"comment_status":"closed","ping_status":"closed","template":"","meta":{"rs_blank_template":"","rs_page_bg_color":"","slide_template_v7":"","footnotes":""},"class_list":["post-8","page","type-page","status-publish","hentry"],"_links":{"self":[{"href":"https:\/\/www.stratumdesign.ch\/de\/wp-json\/wp\/v2\/pages\/8","targetHints":{"allow":["GET"]}}],"collection":[{"href":"https:\/\/www.stratumdesign.ch\/de\/wp-json\/wp\/v2\/pages"}],"about":[{"href":"https:\/\/www.stratumdesign.ch\/de\/wp-json\/wp\/v2\/types\/page"}],"author":[{"embeddable":true,"href":"https:\/\/www.stratumdesign.ch\/de\/wp-json\/wp\/v2\/users\/1"}],"replies":[{"embeddable":true,"href":"https:\/\/www.stratumdesign.ch\/de\/wp-json\/wp\/v2\/comments?post=8"}],"version-history":[{"count":60,"href":"https:\/\/www.stratumdesign.ch\/de\/wp-json\/wp\/v2\/pages\/8\/revisions"}],"predecessor-version":[{"id":7988,"href":"https:\/\/www.stratumdesign.ch\/de\/wp-json\/wp\/v2\/pages\/8\/revisions\/7988"}],"wp:attachment":[{"href":"https:\/\/www.stratumdesign.ch\/de\/wp-json\/wp\/v2\/media?parent=8"}],"curies":[{"name":"wp","href":"https:\/\/api.w.org\/{rel}","templated":true}]}}